{"id":122,"date":"2020-07-06T22:35:07","date_gmt":"2020-07-07T01:35:07","guid":{"rendered":"https:\/\/pet.face.ufmg.br\/economia\/?page_id=122"},"modified":"2023-06-13T14:27:23","modified_gmt":"2023-06-13T17:27:23","slug":"bolsistas","status":"publish","type":"page","link":"https:\/\/pet.face.ufmg.br\/economia\/bolsistas\/","title":{"rendered":"Bolsistas"},"content":{"rendered":"\n<div class=\"wp-block-getwid-section alignfull alignfull has-inner-blocks-gap-small getwid-section-content-full-width\" style=\"margin-bottom:6px\"><div class=\"wp-block-getwid-section__wrapper getwid-padding-left-medium getwid-padding-right-medium\"><div class=\"wp-block-getwid-section__inner-wrapper\"><div class=\"wp-block-getwid-section__background-holder\"><div class=\"wp-block-getwid-section__background\"><\/div><div class=\"wp-block-getwid-section__foreground\"><\/div><\/div><div class=\"wp-block-getwid-section__content\"><div class=\"wp-block-getwid-section__inner-content\">\n<div class=\"wp-block-getwid-advanced-spacer\" style=\"height:40px\" aria-hidden=\"true\"><\/div>\n\n\n\n<div class=\"wp-block-columns has-3-columns is-layout-flex wp-container-core-columns-is-layout-9d6595d7 wp-block-columns-is-layout-flex\">\n<div class=\"wp-block-column is-layout-flow wp-block-column-is-layout-flow\">\n<div class=\"wp-block-getwid-banner has-animation-style1 has-vertical-alignment-bottom\"><a href=\"#\" class=\"wp-block-getwid-banner__link\"><div class=\"wp-block-getwid-banner__wrapper\"><img loading=\"lazy\" decoding=\"async\" width=\"1024\" height=\"1280\" src=\"https:\/\/pet.face.ufmg.br\/economia\/wp-content\/uploads\/sites\/7\/2022\/09\/foto-artur.jpeg\" alt=\"\" class=\"wp-block-getwid-banner__image wp-block-getwid-banner__source wp-image-930\" srcset=\"https:\/\/pet.face.ufmg.br\/economia\/wp-content\/uploads\/sites\/7\/2022\/09\/foto-artur.jpeg 1024w, https:\/\/pet.face.ufmg.br\/economia\/wp-content\/uploads\/sites\/7\/2022\/09\/foto-artur-240x300.jpeg 240w, https:\/\/pet.face.ufmg.br\/economia\/wp-content\/uploads\/sites\/7\/2022\/09\/foto-artur-819x1024.jpeg 819w, https:\/\/pet.face.ufmg.br\/economia\/wp-content\/uploads\/sites\/7\/2022\/09\/foto-artur-768x960.jpeg 768w\" sizes=\"auto, (max-width: 1024px) 100vw, 1024px\" \/><div class=\"wp-block-getwid-banner__caption\"><div class=\"wp-block-getwid-banner__caption-wrapper\"><span class=\"wp-block-getwid-banner__title\">Arthur Maranh\u00e3o<\/span><p class=\"wp-block-getwid-banner__text\"> <\/p><\/div><\/div><\/div><\/a><\/div>\n<\/div>\n\n\n\n<div class=\"wp-block-column is-layout-flow wp-block-column-is-layout-flow\">\n<div class=\"wp-block-getwid-banner ticss-c896c7c2 has-animation-style1 has-vertical-alignment-bottom\"><a href=\"#\" class=\"wp-block-getwid-banner__link\"><div class=\"wp-block-getwid-banner__wrapper\"><img loading=\"lazy\" decoding=\"async\" width=\"263\" height=\"350\" src=\"https:\/\/pet.face.ufmg.br\/economia\/wp-content\/uploads\/sites\/7\/2023\/06\/foto-carlos.jpeg\" alt=\"\" class=\"wp-block-getwid-banner__image wp-block-getwid-banner__source wp-image-979\" srcset=\"https:\/\/pet.face.ufmg.br\/economia\/wp-content\/uploads\/sites\/7\/2023\/06\/foto-carlos.jpeg 263w, https:\/\/pet.face.ufmg.br\/economia\/wp-content\/uploads\/sites\/7\/2023\/06\/foto-carlos-225x300.jpeg 225w\" sizes=\"auto, (max-width: 263px) 100vw, 263px\" \/><div class=\"wp-block-getwid-banner__caption\"><div class=\"wp-block-getwid-banner__caption-wrapper\"><span class=\"wp-block-getwid-banner__title\">Carlos Guilherme<\/span><\/div><\/div><\/div><\/a><\/div>\n<\/div>\n\n\n\n<div class=\"wp-block-column is-layout-flow wp-block-column-is-layout-flow\">\n<div class=\"wp-block-getwid-banner has-animation-style1 has-vertical-alignment-bottom\"><a href=\"#\" class=\"wp-block-getwid-banner__link\"><div class=\"wp-block-getwid-banner__wrapper\"><img loading=\"lazy\" decoding=\"async\" width=\"960\" height=\"1280\" src=\"https:\/\/pet.face.ufmg.br\/economia\/wp-content\/uploads\/sites\/7\/2022\/05\/joao_foto.jpg\" alt=\"\" class=\"wp-block-getwid-banner__image wp-block-getwid-banner__source wp-image-925\" srcset=\"https:\/\/pet.face.ufmg.br\/economia\/wp-content\/uploads\/sites\/7\/2022\/05\/joao_foto.jpg 960w, https:\/\/pet.face.ufmg.br\/economia\/wp-content\/uploads\/sites\/7\/2022\/05\/joao_foto-225x300.jpg 225w, https:\/\/pet.face.ufmg.br\/economia\/wp-content\/uploads\/sites\/7\/2022\/05\/joao_foto-768x1024.jpg 768w\" sizes=\"auto, (max-width: 960px) 100vw, 960px\" \/><div class=\"wp-block-getwid-banner__caption\"><div class=\"wp-block-getwid-banner__caption-wrapper\"><span class=\"wp-block-getwid-banner__title\">Jo\u00e3o Perez<\/span><p class=\"wp-block-getwid-banner__text\"> <\/p><\/div><\/div><\/div><\/a><\/div>\n<\/div>\n<\/div>\n\n\n\n<div class=\"wp-block-columns has-3-columns is-layout-flex wp-container-core-columns-is-layout-9d6595d7 wp-block-columns-is-layout-flex\">\n<div class=\"wp-block-column is-layout-flow wp-block-column-is-layout-flow\">\n<div class=\"wp-block-getwid-banner has-animation-style1 has-vertical-alignment-bottom\"><a href=\"#\" class=\"wp-block-getwid-banner__link\"><div class=\"wp-block-getwid-banner__wrapper\"><img loading=\"lazy\" decoding=\"async\" width=\"640\" height=\"847\" src=\"https:\/\/pet.face.ufmg.br\/economia\/wp-content\/uploads\/sites\/7\/2021\/07\/foto-luan.jpeg\" alt=\"\" class=\"wp-block-getwid-banner__image wp-block-getwid-banner__source wp-image-816\" srcset=\"https:\/\/pet.face.ufmg.br\/economia\/wp-content\/uploads\/sites\/7\/2021\/07\/foto-luan.jpeg 640w, https:\/\/pet.face.ufmg.br\/economia\/wp-content\/uploads\/sites\/7\/2021\/07\/foto-luan-227x300.jpeg 227w\" sizes=\"auto, (max-width: 640px) 100vw, 640px\" \/><div class=\"wp-block-getwid-banner__caption\"><div class=\"wp-block-getwid-banner__caption-wrapper\"><span class=\"wp-block-getwid-banner__title\">Luan Val\u00e9rio<\/span><p class=\"wp-block-getwid-banner__text\"> <\/p><\/div><\/div><\/div><\/a><\/div>\n<\/div>\n\n\n\n<div class=\"wp-block-column is-layout-flow wp-block-column-is-layout-flow\">\n<div class=\"wp-block-getwid-banner ticss-c896c7c2 has-animation-style1 has-vertical-alignment-bottom\"><a href=\"#\" class=\"wp-block-getwid-banner__link\"><div class=\"wp-block-getwid-banner__wrapper\"><img loading=\"lazy\" decoding=\"async\" width=\"500\" height=\"500\" src=\"https:\/\/pet.face.ufmg.br\/economia\/wp-content\/uploads\/sites\/7\/2023\/06\/no-profile-pic-icon-0.png\" alt=\"\" class=\"wp-block-getwid-banner__image wp-block-getwid-banner__source wp-image-980\" srcset=\"https:\/\/pet.face.ufmg.br\/economia\/wp-content\/uploads\/sites\/7\/2023\/06\/no-profile-pic-icon-0.png 500w, https:\/\/pet.face.ufmg.br\/economia\/wp-content\/uploads\/sites\/7\/2023\/06\/no-profile-pic-icon-0-300x300.png 300w, https:\/\/pet.face.ufmg.br\/economia\/wp-content\/uploads\/sites\/7\/2023\/06\/no-profile-pic-icon-0-150x150.png 150w\" sizes=\"auto, (max-width: 500px) 100vw, 500px\" \/><div class=\"wp-block-getwid-banner__caption\"><div class=\"wp-block-getwid-banner__caption-wrapper\"><span class=\"wp-block-getwid-banner__title\">Ludmilla de Oliveira<\/span><p class=\"wp-block-getwid-banner__text\"> <\/p><\/div><\/div><\/div><\/a><\/div>\n<\/div>\n\n\n\n<div class=\"wp-block-column is-layout-flow wp-block-column-is-layout-flow\">\n<div class=\"wp-block-getwid-banner ticss-c896c7c2 has-animation-style1 has-vertical-alignment-bottom\"><a href=\"#\" class=\"wp-block-getwid-banner__link\"><div class=\"wp-block-getwid-banner__wrapper\"><img loading=\"lazy\" decoding=\"async\" width=\"688\" height=\"917\" src=\"https:\/\/pet.face.ufmg.br\/economia\/wp-content\/uploads\/sites\/7\/2022\/09\/foto-marcello2.jpeg\" alt=\"\" class=\"wp-block-getwid-banner__image wp-block-getwid-banner__source wp-image-933\" srcset=\"https:\/\/pet.face.ufmg.br\/economia\/wp-content\/uploads\/sites\/7\/2022\/09\/foto-marcello2.jpeg 688w, https:\/\/pet.face.ufmg.br\/economia\/wp-content\/uploads\/sites\/7\/2022\/09\/foto-marcello2-225x300.jpeg 225w\" sizes=\"auto, (max-width: 688px) 100vw, 688px\" \/><div class=\"wp-block-getwid-banner__caption\"><div class=\"wp-block-getwid-banner__caption-wrapper\"><span class=\"wp-block-getwid-banner__title\">Marcello Feitosa<\/span><p class=\"wp-block-getwid-banner__text\"> <\/p><\/div><\/div><\/div><\/a><\/div>\n<\/div>\n<\/div>\n\n\n\n<div class=\"wp-block-columns has-3-columns is-layout-flex wp-container-core-columns-is-layout-9d6595d7 wp-block-columns-is-layout-flex\">\n<div class=\"wp-block-column is-layout-flow wp-block-column-is-layout-flow\">\n<div class=\"wp-block-getwid-banner has-animation-style1 has-vertical-alignment-bottom\"><a href=\"#\" class=\"wp-block-getwid-banner__link\"><div class=\"wp-block-getwid-banner__wrapper\"><img loading=\"lazy\" decoding=\"async\" width=\"1200\" height=\"1600\" src=\"https:\/\/pet.face.ufmg.br\/economia\/wp-content\/uploads\/sites\/7\/2023\/06\/foto-maria-izabel.jpeg\" alt=\"\" class=\"wp-block-getwid-banner__image wp-block-getwid-banner__source wp-image-981\" srcset=\"https:\/\/pet.face.ufmg.br\/economia\/wp-content\/uploads\/sites\/7\/2023\/06\/foto-maria-izabel.jpeg 1200w, https:\/\/pet.face.ufmg.br\/economia\/wp-content\/uploads\/sites\/7\/2023\/06\/foto-maria-izabel-225x300.jpeg 225w, https:\/\/pet.face.ufmg.br\/economia\/wp-content\/uploads\/sites\/7\/2023\/06\/foto-maria-izabel-768x1024.jpeg 768w, https:\/\/pet.face.ufmg.br\/economia\/wp-content\/uploads\/sites\/7\/2023\/06\/foto-maria-izabel-1152x1536.jpeg 1152w\" sizes=\"auto, (max-width: 1200px) 100vw, 1200px\" \/><div class=\"wp-block-getwid-banner__caption\"><div class=\"wp-block-getwid-banner__caption-wrapper\"><span class=\"wp-block-getwid-banner__title\">Maria Izabel<\/span><p class=\"wp-block-getwid-banner__text\"> <\/p><\/div><\/div><\/div><\/a><\/div>\n<\/div>\n\n\n\n<div class=\"wp-block-column is-layout-flow wp-block-column-is-layout-flow\">\n<div class=\"wp-block-getwid-banner ticss-c896c7c2 has-animation-style1 has-vertical-alignment-bottom\"><a href=\"#\" class=\"wp-block-getwid-banner__link\"><div class=\"wp-block-getwid-banner__wrapper\"><img loading=\"lazy\" decoding=\"async\" width=\"972\" height=\"1296\" src=\"https:\/\/pet.face.ufmg.br\/economia\/wp-content\/uploads\/sites\/7\/2022\/04\/foto-matheus.jpg\" alt=\"\" class=\"wp-block-getwid-banner__image wp-block-getwid-banner__source wp-image-896\" srcset=\"https:\/\/pet.face.ufmg.br\/economia\/wp-content\/uploads\/sites\/7\/2022\/04\/foto-matheus.jpg 972w, https:\/\/pet.face.ufmg.br\/economia\/wp-content\/uploads\/sites\/7\/2022\/04\/foto-matheus-225x300.jpg 225w, https:\/\/pet.face.ufmg.br\/economia\/wp-content\/uploads\/sites\/7\/2022\/04\/foto-matheus-768x1024.jpg 768w\" sizes=\"auto, (max-width: 972px) 100vw, 972px\" \/><div class=\"wp-block-getwid-banner__caption\"><div class=\"wp-block-getwid-banner__caption-wrapper\"><span class=\"wp-block-getwid-banner__title\">Matheus Schiavon<\/span><p class=\"wp-block-getwid-banner__text\"> <\/p><\/div><\/div><\/div><\/a><\/div>\n<\/div>\n\n\n\n<div class=\"wp-block-column is-layout-flow wp-block-column-is-layout-flow\">\n<div class=\"wp-block-getwid-banner ticss-c896c7c2 has-animation-style1 has-vertical-alignment-bottom\"><a href=\"#\" class=\"wp-block-getwid-banner__link\"><div class=\"wp-block-getwid-banner__wrapper\"><img loading=\"lazy\" decoding=\"async\" width=\"584\" height=\"584\" src=\"https:\/\/pet.face.ufmg.br\/economia\/wp-content\/uploads\/sites\/7\/2021\/05\/Benner_perfil.jpg\" alt=\"\" class=\"wp-block-getwid-banner__image wp-block-getwid-banner__source wp-image-766\" srcset=\"https:\/\/pet.face.ufmg.br\/economia\/wp-content\/uploads\/sites\/7\/2021\/05\/Benner_perfil.jpg 584w, https:\/\/pet.face.ufmg.br\/economia\/wp-content\/uploads\/sites\/7\/2021\/05\/Benner_perfil-300x300.jpg 300w, https:\/\/pet.face.ufmg.br\/economia\/wp-content\/uploads\/sites\/7\/2021\/05\/Benner_perfil-150x150.jpg 150w\" sizes=\"auto, (max-width: 584px) 100vw, 584px\" \/><div class=\"wp-block-getwid-banner__caption\"><div class=\"wp-block-getwid-banner__caption-wrapper\"><span class=\"wp-block-getwid-banner__title\">Pedro Benner<\/span><p class=\"wp-block-getwid-banner__text\"> <\/p><\/div><\/div><\/div><\/a><\/div>\n<\/div>\n<\/div>\n\n\n\n<div class=\"wp-block-columns are-vertically-aligned-top has-3-columns is-layout-flex wp-container-core-columns-is-layout-9d6595d7 wp-block-columns-is-layout-flex\">\n<div class=\"wp-block-column is-vertically-aligned-top is-layout-flow wp-block-column-is-layout-flow\">\n<div class=\"wp-block-getwid-banner has-animation-style1 has-vertical-alignment-bottom\"><a href=\"#\" class=\"wp-block-getwid-banner__link\"><div class=\"wp-block-getwid-banner__wrapper\"><img loading=\"lazy\" decoding=\"async\" width=\"500\" height=\"500\" src=\"https:\/\/pet.face.ufmg.br\/economia\/wp-content\/uploads\/sites\/7\/2023\/06\/no-profile-pic-icon-0.png\" alt=\"\" class=\"wp-block-getwid-banner__image wp-block-getwid-banner__source wp-image-980\" srcset=\"https:\/\/pet.face.ufmg.br\/economia\/wp-content\/uploads\/sites\/7\/2023\/06\/no-profile-pic-icon-0.png 500w, https:\/\/pet.face.ufmg.br\/economia\/wp-content\/uploads\/sites\/7\/2023\/06\/no-profile-pic-icon-0-300x300.png 300w, https:\/\/pet.face.ufmg.br\/economia\/wp-content\/uploads\/sites\/7\/2023\/06\/no-profile-pic-icon-0-150x150.png 150w\" sizes=\"auto, (max-width: 500px) 100vw, 500px\" \/><div class=\"wp-block-getwid-banner__caption\"><div class=\"wp-block-getwid-banner__caption-wrapper\"><span class=\"wp-block-getwid-banner__title\">Rafael Alves<\/span><p class=\"wp-block-getwid-banner__text\"> <\/p><\/div><\/div><\/div><\/a><\/div>\n<\/div>\n\n\n\n<div class=\"wp-block-column is-vertically-aligned-top is-layout-flow wp-block-column-is-layout-flow\">\n<div class=\"wp-block-getwid-banner ticss-c896c7c2 has-animation-style1 has-vertical-alignment-bottom\"><a href=\"#\" class=\"wp-block-getwid-banner__link\"><div class=\"wp-block-getwid-banner__wrapper\"><img loading=\"lazy\" decoding=\"async\" width=\"1200\" height=\"1600\" src=\"https:\/\/pet.face.ufmg.br\/economia\/wp-content\/uploads\/sites\/7\/2023\/06\/foto-rodirgo.jpeg\" alt=\"\" class=\"wp-block-getwid-banner__image wp-block-getwid-banner__source wp-image-982\" srcset=\"https:\/\/pet.face.ufmg.br\/economia\/wp-content\/uploads\/sites\/7\/2023\/06\/foto-rodirgo.jpeg 1200w, https:\/\/pet.face.ufmg.br\/economia\/wp-content\/uploads\/sites\/7\/2023\/06\/foto-rodirgo-225x300.jpeg 225w, https:\/\/pet.face.ufmg.br\/economia\/wp-content\/uploads\/sites\/7\/2023\/06\/foto-rodirgo-768x1024.jpeg 768w, https:\/\/pet.face.ufmg.br\/economia\/wp-content\/uploads\/sites\/7\/2023\/06\/foto-rodirgo-1152x1536.jpeg 1152w\" sizes=\"auto, (max-width: 1200px) 100vw, 1200px\" \/><div class=\"wp-block-getwid-banner__caption\"><div class=\"wp-block-getwid-banner__caption-wrapper\"><span class=\"wp-block-getwid-banner__title\">Rodrigo Dias<\/span><p class=\"wp-block-getwid-banner__text\"> <\/p><\/div><\/div><\/div><\/a><\/div>\n<\/div>\n\n\n\n<div class=\"wp-block-column is-layout-flow wp-block-column-is-layout-flow\">\n<div class=\"wp-block-getwid-banner ticss-c896c7c2 has-animation-style1 has-vertical-alignment-bottom\"><a href=\"#\" class=\"wp-block-getwid-banner__link\"><div class=\"wp-block-getwid-banner__wrapper\"><img loading=\"lazy\" decoding=\"async\" width=\"750\" height=\"960\" src=\"https:\/\/pet.face.ufmg.br\/economia\/wp-content\/uploads\/sites\/7\/2021\/08\/foto-waleria.jpg\" alt=\"\" class=\"wp-block-getwid-banner__image wp-block-getwid-banner__source wp-image-818\" srcset=\"https:\/\/pet.face.ufmg.br\/economia\/wp-content\/uploads\/sites\/7\/2021\/08\/foto-waleria.jpg 750w, https:\/\/pet.face.ufmg.br\/economia\/wp-content\/uploads\/sites\/7\/2021\/08\/foto-waleria-234x300.jpg 234w\" sizes=\"auto, (max-width: 750px) 100vw, 750px\" \/><div class=\"wp-block-getwid-banner__caption\"><div class=\"wp-block-getwid-banner__caption-wrapper\"><span class=\"wp-block-getwid-banner__title\">Wal\u00e9ria Levindo<\/span><p class=\"wp-block-getwid-banner__text\"> <\/p><\/div><\/div><\/div><\/a><\/div>\n<\/div>\n<\/div>\n<\/div><\/div><\/div><\/div><\/div>\n\n\n\n<p><br>Veja tamb\u00e9m os ex-bolsistas do PET:<\/p>\n\n\n\n<ul class=\"wp-block-list\">\n<li>Karina Axl Pereira De Araujooso &#8211; 05.2022 a 04.2023<\/li>\n\n\n\n<li>Nathalia dos Santos Ferreira &#8211; 07.2021 a 03.2023<\/li>\n\n\n\n<li>Maria Fernanda Gon\u00e7alves Cardoso &#8211; 07.2021 a 03.2023<\/li>\n\n\n\n<li>Carolina M\u00e2cedo Carvalho &#8211; 11.2022 a 12.2022<\/li>\n\n\n\n<li>Victor Felipe Souza Belo &#8211; 08.2020 a 10.2022<\/li>\n\n\n\n<li>Jo\u00e3o Eduardo Moura Miranda \u2013 03.2021 a 08.2022<\/li>\n\n\n\n<li>Luca Vilela Zwernemann &#8211; 08.2020 a 08.2022<\/li>\n\n\n\n<li>Guilherme Yamashita Silva \u2013 08.2020 a 05.2022 <\/li>\n\n\n\n<li>Ot\u00e1vio de Souza Teixeira \u2013 10.2019 a 03.2022<\/li>\n\n\n\n<li>Maria Carolina Correa de Miranda \u2013 10.2019 a 11.2021<\/li>\n\n\n\n<li>J\u00falia Maciel Augusta Morato \u2013 03.2021 a 07.2021<\/li>\n\n\n\n<li>Julia Brant Ara\u00fajo Pereira da Silva \u2013 10.2019 a 05.2021<\/li>\n\n\n\n<li>Francesco Brand\u00e3o Ferreira de Carli \u2013 05.2019 a 05.2021<\/li>\n\n\n\n<li>Nina Fraiha de Faria \u2013 08.2019 a 04.2021<\/li>\n\n\n\n<li>Thiago Lukashevich Meira \u2013 09.2018 a 03.2021<\/li>\n\n\n\n<li>Julia Alves Stehmann \u2013 04.2018 a 11.2020<\/li>\n\n\n\n<li>Leticia Maria Matias Pinto \u2013 04.2018 a 03.2020<\/li>\n\n\n\n<li>Karina Moraes Ribeiro \u2013 10.2017 a 02.2020<\/li>\n\n\n\n<li>Mariana Rettore Baptista \u2013 05.2016 a 02.2020<\/li>\n\n\n\n<li>Julia Sanders Paolinelli \u2013 05.2017 a 02.2020<\/li>\n\n\n\n<li>Naira Teresa Alves Campos Gon\u00e7alves \u2013 04.2018 a 11.2019<\/li>\n\n\n\n<li>Giornni Paolinelli Raposo Duarte \u2013 04.2018 a 10.2019<\/li>\n\n\n\n<li>Leticya Gabrielle Souza Assis \u2013 05.2019 a 09.2019<\/li>\n\n\n\n<li>Henrique Mundim de Mattos Paix\u00e3o \u2013 09.2018 a 06.2019<\/li>\n\n\n\n<li>Samuel Nantes Selos \u2013 10.2017 a 06.2019<\/li>\n\n\n\n<li>Ivan Prates Sternick \u2013 04.2015 a 02.2019<\/li>\n\n\n\n<li>Jo\u00e3o Paulo Gonzaga Garcia \u2013 04.2015 a 02.2019<\/li>\n\n\n\n<li>Vitor Salomao Mour\u00e3o \u2013 07.05 a 08.2018<\/li>\n\n\n\n<li>Giovanni Salvador Santos \u2013 05.2016 a 03.2018<\/li>\n\n\n\n<li>Eduardo Pascoal de Freitas \u2013 05.2017 a 03.2018<\/li>\n\n\n\n<li>Josiel Gomes Costa \u2013 10.2016 a 02.2018<\/li>\n\n\n\n<li>Ana Carolina de Lima \u2013 10.2015 a 10.2017<\/li>\n\n\n\n<li>Jo\u00e3o Marcos Preato Deolindo \u2013 10.2015 a 10.2017<\/li>\n\n\n\n<li>Caio Soares Pereira Reis \u2013 05.2016 a 09.2017<\/li>\n\n\n\n<li>Lucas Cardoso Correa Dias \u2013 04.2014 a 08.2017<\/li>\n\n\n\n<li>\u00c1lvaro Ant\u00f4nio Felisberto J\u00fanior \u2013 05.2016 a 04.2017<\/li>\n\n\n\n<li>Isabella Oliveira Mendes \u2013 04.2015 a 04.2017<\/li>\n\n\n\n<li>Henrique Cunha Viana \u2013 04.2013 a 03.2017<\/li>\n\n\n\n<li>Kayan Costa Dalcin \u2013 10.2015 a 05.2016<\/li>\n\n\n\n<li>Danyele Ferreira Silva \u2013 04.2014 a 01.2016<\/li>\n\n\n\n<li>Bernardo Silva de Carvalho Ribeiro \u2013 20.2012 a 01.2016<\/li>\n\n\n\n<li>Ana Paula Londe Silva \u2013 05.2012 a 01.2016<\/li>\n\n\n\n<li>Lucas Xavier de Miranda Ferreira \u2013 10.2013 a 01.2016<\/li>\n\n\n\n<li>Laura Diniz Penteado de Barros \u2013 05.2012 a 08.2015<\/li>\n\n\n\n<li>Maria Isabel Batista Duque Gutierrez Baptista \u2013 03.2013 a 07.2015<\/li>\n\n\n\n<li>Jos\u00e9 Bonifacio Couto de Andrada \u2013 05.2012 a 02.2015<\/li>\n\n\n\n<li>Marina Lemos da Costa Val \u2013 05.2012 a 02.2015<\/li>\n\n\n\n<li>Francisco Zucchelli Lott \u2013 05.2012 a 02.2015<\/li>\n\n\n\n<li>Mariana de Melo Salemi \u2013 04.2014 a 04.2014<\/li>\n\n\n\n<li>Sarah Rodrigues Leite de Miranda \u2013 10.2012 a 03.2014<\/li>\n\n\n\n<li>Pedro Vianna da Costa e Faria \u2013 05.2012 a 02.2014<\/li>\n\n\n\n<li>Luiza Lima Eugenio \u2013 05.2012 a 01.2014<\/li>\n\n\n\n<li>Tomas Lima Pimenta \u2013 05.2012 a 07.2013<\/li>\n\n\n\n<li>Luciana Maciel Bizzotto \u2013 05.2012 a 03.2013<\/li>\n\n\n\n<li>Agatha Kelly Fernandes Fortunato \u2013 05.2012 a 01.2013<\/li>\n\n\n\n<li>Joana David Avritzer \u2013 05.2012 a 08.2012<\/li>\n<\/ul>\n","protected":false},"excerpt":{"rendered":"<p>Veja tamb\u00e9m os ex-bolsistas do PET:<\/p>\n","protected":false},"author":1,"featured_media":0,"parent":0,"menu_order":0,"comment_status":"closed","ping_status":"closed","template":"","meta":{"_uag_custom_page_level_css":"","footnotes":""},"class_list":["post-122","page","type-page","status-publish","hentry"],"uagb_featured_image_src":{"full":false,"thumbnail":false,"medium":false,"medium_large":false,"large":false,"1536x1536":false,"2048x2048":false,"post-thumbnail":false},"uagb_author_info":{"display_name":"danielfbc","author_link":"https:\/\/pet.face.ufmg.br\/economia\/blog\/author\/danielfbc\/"},"uagb_comment_info":0,"uagb_excerpt":"Veja tamb\u00e9m os ex-bolsistas do PET:","_links":{"self":[{"href":"https:\/\/pet.face.ufmg.br\/economia\/wp-json\/wp\/v2\/pages\/122","targetHints":{"allow":["GET"]}}],"collection":[{"href":"https:\/\/pet.face.ufmg.br\/economia\/wp-json\/wp\/v2\/pages"}],"about":[{"href":"https:\/\/pet.face.ufmg.br\/economia\/wp-json\/wp\/v2\/types\/page"}],"author":[{"embeddable":true,"href":"https:\/\/pet.face.ufmg.br\/economia\/wp-json\/wp\/v2\/users\/1"}],"replies":[{"embeddable":true,"href":"https:\/\/pet.face.ufmg.br\/economia\/wp-json\/wp\/v2\/comments?post=122"}],"version-history":[{"count":50,"href":"https:\/\/pet.face.ufmg.br\/economia\/wp-json\/wp\/v2\/pages\/122\/revisions"}],"predecessor-version":[{"id":992,"href":"https:\/\/pet.face.ufmg.br\/economia\/wp-json\/wp\/v2\/pages\/122\/revisions\/992"}],"wp:attachment":[{"href":"https:\/\/pet.face.ufmg.br\/economia\/wp-json\/wp\/v2\/media?parent=122"}],"curies":[{"name":"wp","href":"https:\/\/api.w.org\/{rel}","templated":true}]}}