{"id":143,"date":"2020-07-23T19:53:33","date_gmt":"2020-07-23T22:53:33","guid":{"rendered":"https:\/\/pet.face.ufmg.br\/economia\/?page_id=143"},"modified":"2020-09-03T16:26:28","modified_gmt":"2020-09-03T19:26:28","slug":"revista-multiface","status":"publish","type":"page","link":"https:\/\/pet.face.ufmg.br\/economia\/revista-multiface\/","title":{"rendered":"Revista Multiface"},"content":{"rendered":"\n<p>A Revista Multiface Online (ISSN 2358-9760) \u00e9 uma iniciativa dos bolsistas do Programa de Educa\u00e7\u00e3o Tutorial (PET) de Ci\u00eancias Econ\u00f4micas e Administra\u00e7\u00e3o e do Sistema de Bolsas de Rela\u00e7\u00f5es Econ\u00f4micas Internacionais da FACE\/UFMG.<\/p>\n\n\n\n<p>A revista n\u00e3o tem fins lucrativos e \u00e9 uma publica\u00e7\u00e3o cient\u00edfica exclusiva de alunos de gradua\u00e7\u00e3o ou de artigos provenientes de trabalhos feitos para a conclus\u00e3o do curso. Ela busca ser aberta \u00e0 uma orienta\u00e7\u00e3o pluralista, admitindo trabalhos de diferentes correntes te\u00f3ricas.<\/p>\n\n\n\n<p>Atualmente, aceita-se a submiss\u00e3o para as se\u00e7\u00f5es: \u201cArtigos Originais\u201d (trabalhos nas \u00e1reas de economia, administra\u00e7\u00e3o e rela\u00e7\u00f5es econ\u00f4micas internacionais); \u201cMem\u00f3ria PET\u201d (trabalhos que busquem registrar as atividades PET na UFMG); \u201cTextos Introdut\u00f3rios\u201d (trabalhos voltados para a apresenta\u00e7\u00e3o de algum tema e\/ou resultados parciais de pesquisas em desenvolvimento); \u201cCases\u201d (estudos de caso) e \u201cResenhas\u201d (an\u00e1lise cr\u00edtica de livros). A revista tamb\u00e9m conta com artigos convidados, entrevistas, e o espa\u00e7o do DA.<\/p>\n\n\n\n<p>Os artigos publicados s\u00e3o listados e indexados em bases bibliogr\u00e1ficas internacionais (DOAJ, Scientific Indexing Services, Latindex, Google Scholar e Sum\u00e1rios de Revistas Brasileiras).<\/p>\n\n\n\n<p>Acesse o link para conhecer mais a revista Multiface: <br><a rel=\"noreferrer noopener\" href=\"https:\/\/revistas.face.ufmg.br\/index.php\/multiface\" target=\"_blank\">https:\/\/revistas.face.ufmg.br\/index.php\/multiface<\/a><\/p>\n\n\n\n<p><\/p>\n\n\n\n<ul class=\"wp-block-social-links is-layout-flex wp-block-social-links-is-layout-flex\">\n\n\n\n<li class=\"wp-social-link wp-social-link-twitter  wp-block-social-link\"><a href=\"https:\/\/twitter.com\/rev_multiface\" class=\"wp-block-social-link-anchor\"><svg width=\"24\" height=\"24\" viewBox=\"0 0 24 24\" version=\"1.1\" xmlns=\"http:\/\/www.w3.org\/2000\/svg\" aria-hidden=\"true\" focusable=\"false\"><path d=\"M22.23,5.924c-0.736,0.326-1.527,0.547-2.357,0.646c0.847-0.508,1.498-1.312,1.804-2.27 c-0.793,0.47-1.671,0.812-2.606,0.996C18.324,4.498,17.257,4,16.077,4c-2.266,0-4.103,1.837-4.103,4.103 c0,0.322,0.036,0.635,0.106,0.935C8.67,8.867,5.647,7.234,3.623,4.751C3.27,5.357,3.067,6.062,3.067,6.814 c0,1.424,0.724,2.679,1.825,3.415c-0.673-0.021-1.305-0.206-1.859-0.513c0,0.017,0,0.034,0,0.052c0,1.988,1.414,3.647,3.292,4.023 c-0.344,0.094-0.707,0.144-1.081,0.144c-0.264,0-0.521-0.026-0.772-0.074c0.522,1.63,2.038,2.816,3.833,2.85 c-1.404,1.1-3.174,1.756-5.096,1.756c-0.331,0-0.658-0.019-0.979-0.057c1.816,1.164,3.973,1.843,6.29,1.843 c7.547,0,11.675-6.252,11.675-11.675c0-0.178-0.004-0.355-0.012-0.531C20.985,7.47,21.68,6.747,22.23,5.924z\"><\/path><\/svg><span class=\"wp-block-social-link-label screen-reader-text\">Twitter<\/span><\/a><\/li>\n\n\n\n\n\n<\/ul>\n\n\n\n<div class=\"wp-block-ugb-divider ugb-divider ugb-7c6eeb4 ugb-divider--v2 ugb-divider--design-bar ugb-main-block\" id=\"\"><style>.ugb-7c6eeb4 .ugb-block-content{margin-top:60px !important}.ugb-7c6eeb4 hr.ugb-divider__hr{height:7px !important;margin-left:auto !important;margin-right:auto !important;border-radius:calc(7px \/ 2) !important}<\/style><div class=\"ugb-inner-block\"><div class=\"ugb-block-content\"><hr class=\"ugb-divider__hr\" \/><\/div><\/div><\/div>\n\n\n\n<div class=\"wp-block-ugb-blog-posts ugb-blog-posts ugb-e9401d5 ugb-blog-posts--v2 ugb-blog-posts--design-basic ugb-blog-posts--columns-1 ugb-blog-posts--cat-highlighted ugb-main-block ugb--has-custom-content-width\" id=\"\"><style>.ugb-e9401d5 .ugb-blog-posts__featured-image{border-radius:0px !important}.ugb-e9401d5 .ugb-blog-posts__title a{color:#313131 !important}.ugb-e9401d5 .ugb-blog-posts__title a:hover{opacity:0.8}.ugb-e9401d5 .ugb-blog-posts__title{font-weight:500;margin-bottom:15px !important}.ugb-e9401d5 .ugb-blog-posts__excerpt,.ugb-e9401d5 .ugb-blog-posts__excerpt p{font-size:17px !important}.ugb-e9401d5 .ugb-blog-posts__excerpt{margin-bottom:0px !important}.ugb-e9401d5 .ugb-inner-block{text-align:left}@media screen and (min-width:1025px){.ugb-e9401d5.ugb-blog-posts > .ugb-inner-block{max-width:100% !important}}<\/style><div class=\"ugb-inner-block\"><div class=\"ugb-block-content\"><\/div><\/div><\/div>\n\n\n\n<p><\/p>\n","protected":false},"excerpt":{"rendered":"<p>A Revista Multiface Online (ISSN 2358-9760) \u00e9 uma iniciativa dos bolsistas do Programa de Educa\u00e7\u00e3o Tutorial (PET) de Ci\u00eancias Econ\u00f4micas e Administra\u00e7\u00e3o e do Sistema de Bolsas de Rela\u00e7\u00f5es Econ\u00f4micas Internacionais da FACE\/UFMG. A revista n\u00e3o tem fins lucrativos e \u00e9 uma publica\u00e7\u00e3o cient\u00edfica exclusiva de alunos de gradua\u00e7\u00e3o ou de artigos provenientes de trabalhos &hellip; <a href=\"https:\/\/pet.face.ufmg.br\/economia\/revista-multiface\/\" class=\"more-link\">Continue reading <span class=\"screen-reader-text\">Revista Multiface<\/span><\/a><\/p>\n","protected":false},"author":1,"featured_media":0,"parent":0,"menu_order":0,"comment_status":"closed","ping_status":"closed","template":"","meta":{"_uag_custom_page_level_css":"","footnotes":""},"class_list":["post-143","page","type-page","status-publish","hentry"],"uagb_featured_image_src":{"full":false,"thumbnail":false,"medium":false,"medium_large":false,"large":false,"1536x1536":false,"2048x2048":false,"post-thumbnail":false},"uagb_author_info":{"display_name":"danielfbc","author_link":"https:\/\/pet.face.ufmg.br\/economia\/blog\/author\/danielfbc\/"},"uagb_comment_info":0,"uagb_excerpt":"A Revista Multiface Online (ISSN 2358-9760) \u00e9 uma iniciativa dos bolsistas do Programa de Educa\u00e7\u00e3o Tutorial (PET) de Ci\u00eancias Econ\u00f4micas e Administra\u00e7\u00e3o e do Sistema de Bolsas de Rela\u00e7\u00f5es Econ\u00f4micas Internacionais da FACE\/UFMG. A revista n\u00e3o tem fins lucrativos e \u00e9 uma publica\u00e7\u00e3o cient\u00edfica exclusiva de alunos de gradua\u00e7\u00e3o ou de artigos provenientes de trabalhos&hellip;","_links":{"self":[{"href":"https:\/\/pet.face.ufmg.br\/economia\/wp-json\/wp\/v2\/pages\/143","targetHints":{"allow":["GET"]}}],"collection":[{"href":"https:\/\/pet.face.ufmg.br\/economia\/wp-json\/wp\/v2\/pages"}],"about":[{"href":"https:\/\/pet.face.ufmg.br\/economia\/wp-json\/wp\/v2\/types\/page"}],"author":[{"embeddable":true,"href":"https:\/\/pet.face.ufmg.br\/economia\/wp-json\/wp\/v2\/users\/1"}],"replies":[{"embeddable":true,"href":"https:\/\/pet.face.ufmg.br\/economia\/wp-json\/wp\/v2\/comments?post=143"}],"version-history":[{"count":7,"href":"https:\/\/pet.face.ufmg.br\/economia\/wp-json\/wp\/v2\/pages\/143\/revisions"}],"predecessor-version":[{"id":860,"href":"https:\/\/pet.face.ufmg.br\/economia\/wp-json\/wp\/v2\/pages\/143\/revisions\/860"}],"wp:attachment":[{"href":"https:\/\/pet.face.ufmg.br\/economia\/wp-json\/wp\/v2\/media?parent=143"}],"curies":[{"name":"wp","href":"https:\/\/api.w.org\/{rel}","templated":true}]}}