{"id":147,"date":"2020-07-23T19:58:07","date_gmt":"2020-07-23T22:58:07","guid":{"rendered":"https:\/\/pet.face.ufmg.br\/economia\/?page_id=147"},"modified":"2022-09-07T20:02:01","modified_gmt":"2022-09-07T23:02:01","slug":"cineclube-face","status":"publish","type":"page","link":"https:\/\/pet.face.ufmg.br\/economia\/cineclube-face\/","title":{"rendered":"Cineclube FACE"},"content":{"rendered":"\n<p>O Cineclube FACE existe h\u00e1 mais de 50 anos. Ao longo desse per\u00edodo, passou pela fase do rolo projetor, do VHS e assistiu ao nascimento do DVD e \u00e0 democratiza\u00e7\u00e3o do acesso aos filmes, via Internet. Dessa maneira, enfrentou diversos desafios, como a exibi\u00e7\u00e3o de filmes clandestinos durante a ditadura.<\/p>\n\n\n\n<p>Anterior ao cen\u00e1rio da pandemia, as mostras do Cineclube duravam, geralmente, um m\u00eas, e eram decididas em reuni\u00f5es semanais. As sess\u00f5es aconteciam nos audit\u00f3rios da Face. Depois das exibi\u00e7\u00f5es, era feito um debate sobre o filme da semana.<\/p>\n\n\n\n<p>Atualmente, com o isolamento social, estamos fazendo mostras virtuais mensais sobre temas diversos em nossas redes sociais! As reuni\u00f5es s\u00e3o abertas a todos que quiserem participar, fazendo com que o cineclube esteja sempre em processo de renova\u00e7\u00e3o!<\/p>\n\n\n\n<p>Para encontrar o link para as reuni\u00f5es, bem como saber mais de nossas atividades, visite nossas redes sociais!<\/p>\n\n\n\t\t\t<div class = \"\n\t\t\twp-block-uagb-post-timeline uagb-timeline__outer-wrap uagb-block-a8e55ca2-5b03-45f6-9ac9-a1ee9029e581    uagb-timeline__arrow-center uagb-timeline__center-block uagb_timeline__cta-enable uagb-timeline uagb-timeline__content-wrap\t\t\tuagb-timeline__arrow-center uagb-timeline__center-block uagb_timeline__cta-enable uagb-timeline uagb-timeline__content-wrap\t\t\t\"\n\t\t\tstyle=\"\" >\n\t\t\t\t\t\t\t\t\t\t\t<article class = \"uagb-timeline__field  uagb-timeline__right\">\n\t\t\t\t\t\t\t\t<div class = \"uagb-timeline__marker uagb-timeline__out-view-icon\" >\n\t\t\t\t<span class = \"uagb-timeline__icon-new uagb-timeline__out-view-icon\" >\t\t\t\t<svg xmlns=\"https:\/\/www.w3.org\/2000\/svg\" viewBox= \"0 0 448 512\"><path d=\"M160 32V64H288V32C288 14.33 302.3 0 320 0C337.7 0 352 14.33 352 32V64H400C426.5 64 448 85.49 448 112V160H0V112C0 85.49 21.49 64 48 64H96V32C96 14.33 110.3 0 128 0C145.7 0 160 14.33 160 32zM0 192H448V464C448 490.5 426.5 512 400 512H48C21.49 512 0 490.5 0 464V192zM64 304C64 312.8 71.16 320 80 320H112C120.8 320 128 312.8 128 304V272C128 263.2 120.8 256 112 256H80C71.16 256 64 263.2 64 272V304zM192 304C192 312.8 199.2 320 208 320H240C248.8 320 256 312.8 256 304V272C256 263.2 248.8 256 240 256H208C199.2 256 192 263.2 192 272V304zM336 256C327.2 256 320 263.2 320 272V304C320 312.8 327.2 320 336 320H368C376.8 320 384 312.8 384 304V272C384 263.2 376.8 256 368 256H336zM64 432C64 440.8 71.16 448 80 448H112C120.8 448 128 440.8 128 432V400C128 391.2 120.8 384 112 384H80C71.16 384 64 391.2 64 400V432zM208 384C199.2 384 192 391.2 192 400V432C192 440.8 199.2 448 208 448H240C248.8 448 256 440.8 256 432V400C256 391.2 248.8 384 240 384H208zM320 432C320 440.8 327.2 448 336 448H368C376.8 448 384 440.8 384 432V400C384 391.2 376.8 384 368 384H336C327.2 384 320 391.2 320 400V432z\"><\/path><\/svg>\n\t\t\t\t<\/span>\n\t\t\t<\/div>\n\t\t\t\t\t\t\t\t<div class = \"uagb-timeline__day-new uagb-timeline__day-right uagb-timeline__events-inner-new\" >\n\t\t\t\t\t\t<div class=\"uagb-timeline__events-inner--content\">\n\t\t\t\t\t\t\t\t\t\t\t<div datetime=\"2021-11-10T11:54:32-03:00\" class=\"uagb-timeline__date-hide uagb-timeline__inner-date-new\">\n\t\t\t\t\t\t\t<\/div>\n\t\t\t\t\t\t\t\t\t\t\t\t\t\t<a class='uagb-timeline__image' href=\"https:\/\/pet.face.ufmg.br\/economia\/blog\/2021\/11\/10\/o-forum\/\" target=\"_self\" rel=\"noopener noreferrer\"><img loading=\"lazy\" decoding=\"async\" width=\"792\" height=\"792\" src=\"https:\/\/pet.face.ufmg.br\/economia\/wp-content\/uploads\/sites\/7\/2021\/11\/das_forum-1024x1024.jpg\" class=\"attachment-large size-large\" alt=\"\" srcset=\"https:\/\/pet.face.ufmg.br\/economia\/wp-content\/uploads\/sites\/7\/2021\/11\/das_forum-1024x1024.jpg 1024w, https:\/\/pet.face.ufmg.br\/economia\/wp-content\/uploads\/sites\/7\/2021\/11\/das_forum-300x300.jpg 300w, https:\/\/pet.face.ufmg.br\/economia\/wp-content\/uploads\/sites\/7\/2021\/11\/das_forum-150x150.jpg 150w, https:\/\/pet.face.ufmg.br\/economia\/wp-content\/uploads\/sites\/7\/2021\/11\/das_forum-768x768.jpg 768w, https:\/\/pet.face.ufmg.br\/economia\/wp-content\/uploads\/sites\/7\/2021\/11\/das_forum.jpg 1080w\" sizes=\"auto, (max-width: 792px) 100vw, 792px\" \/>\t\t\t\t<\/a>\n\t\t\t\t\t\t\t\t\t\t\t\t\t\t\t\t\t\t\t<h4 class=\"uagb-timeline__heading\" >\n\t\t\t\t\t<a href=\"https:\/\/pet.face.ufmg.br\/economia\/blog\/2021\/11\/10\/o-forum\/\" target=\"_self\" rel=\"noopener noreferrer\">O F\u00f3rum<\/a>\n\t\t\t\t<\/h4>\n\t\t\t\t\t\t\t\t\t\t\t\t\t\t\t<div class = \"uagb-timeline__arrow\"><\/div>\n\t\t\t\t\t\t<\/div>\n\t\t\t\t\t<\/div>\n\t\t\t\t\t\t\t\t\t\t\t\t\t\t<div datetime=\"2021-11-10T11:54:32-03:00\" class=\"uagb-timeline__date-new\">\n\t\t\t\t\t\t\t<\/div>\n\t\t\t\t\t\t\t\t\t\t\t<\/article>\n\t\t\t\t\t\t<article class = \"uagb-timeline__field  uagb-timeline__left\">\n\t\t\t\t\t\t\t\t<div class = \"uagb-timeline__marker uagb-timeline__out-view-icon\" >\n\t\t\t\t<span class = \"uagb-timeline__icon-new uagb-timeline__out-view-icon\" >\t\t\t\t<svg xmlns=\"https:\/\/www.w3.org\/2000\/svg\" viewBox= \"0 0 448 512\"><path d=\"M160 32V64H288V32C288 14.33 302.3 0 320 0C337.7 0 352 14.33 352 32V64H400C426.5 64 448 85.49 448 112V160H0V112C0 85.49 21.49 64 48 64H96V32C96 14.33 110.3 0 128 0C145.7 0 160 14.33 160 32zM0 192H448V464C448 490.5 426.5 512 400 512H48C21.49 512 0 490.5 0 464V192zM64 304C64 312.8 71.16 320 80 320H112C120.8 320 128 312.8 128 304V272C128 263.2 120.8 256 112 256H80C71.16 256 64 263.2 64 272V304zM192 304C192 312.8 199.2 320 208 320H240C248.8 320 256 312.8 256 304V272C256 263.2 248.8 256 240 256H208C199.2 256 192 263.2 192 272V304zM336 256C327.2 256 320 263.2 320 272V304C320 312.8 327.2 320 336 320H368C376.8 320 384 312.8 384 304V272C384 263.2 376.8 256 368 256H336zM64 432C64 440.8 71.16 448 80 448H112C120.8 448 128 440.8 128 432V400C128 391.2 120.8 384 112 384H80C71.16 384 64 391.2 64 400V432zM208 384C199.2 384 192 391.2 192 400V432C192 440.8 199.2 448 208 448H240C248.8 448 256 440.8 256 432V400C256 391.2 248.8 384 240 384H208zM320 432C320 440.8 327.2 448 336 448H368C376.8 448 384 440.8 384 432V400C384 391.2 376.8 384 368 384H336C327.2 384 320 391.2 320 400V432z\"><\/path><\/svg>\n\t\t\t\t<\/span>\n\t\t\t<\/div>\n\t\t\t\t\t\t\t\t<div class = \"uagb-timeline__day-new uagb-timeline__day-left uagb-timeline__events-inner-new\" >\n\t\t\t\t\t\t<div class=\"uagb-timeline__events-inner--content\">\n\t\t\t\t\t\t\t\t\t\t\t<div datetime=\"2021-09-01T11:50:32-03:00\" class=\"uagb-timeline__date-hide uagb-timeline__inner-date-new\">\n\t\t\t\t\t\t\t<\/div>\n\t\t\t\t\t\t\t\t\t\t\t\t\t\t<a class='uagb-timeline__image' href=\"https:\/\/pet.face.ufmg.br\/economia\/blog\/2021\/09\/01\/444\/\" target=\"_self\" rel=\"noopener noreferrer\"><img loading=\"lazy\" decoding=\"async\" width=\"788\" height=\"660\" src=\"https:\/\/pet.face.ufmg.br\/economia\/wp-content\/uploads\/sites\/7\/2021\/09\/444.jpg\" class=\"attachment-large size-large\" alt=\"\" srcset=\"https:\/\/pet.face.ufmg.br\/economia\/wp-content\/uploads\/sites\/7\/2021\/09\/444.jpg 788w, https:\/\/pet.face.ufmg.br\/economia\/wp-content\/uploads\/sites\/7\/2021\/09\/444-300x251.jpg 300w, https:\/\/pet.face.ufmg.br\/economia\/wp-content\/uploads\/sites\/7\/2021\/09\/444-768x643.jpg 768w\" sizes=\"auto, (max-width: 788px) 100vw, 788px\" \/>\t\t\t\t<\/a>\n\t\t\t\t\t\t\t\t\t\t\t\t\t\t\t\t\t\t\t<h4 class=\"uagb-timeline__heading\" >\n\t\t\t\t\t<a href=\"https:\/\/pet.face.ufmg.br\/economia\/blog\/2021\/09\/01\/444\/\" target=\"_self\" rel=\"noopener noreferrer\">4:44<\/a>\n\t\t\t\t<\/h4>\n\t\t\t\t\t\t\t\t\t\t\t\t\t\t\t<div class = \"uagb-timeline__arrow\"><\/div>\n\t\t\t\t\t\t<\/div>\n\t\t\t\t\t<\/div>\n\t\t\t\t\t\t\t\t\t\t\t\t\t\t<div datetime=\"2021-09-01T11:50:32-03:00\" class=\"uagb-timeline__date-new\">\n\t\t\t\t\t\t\t<\/div>\n\t\t\t\t\t\t\t\t\t\t\t<\/article>\n\t\t\t\t\t\t<article class = \"uagb-timeline__field  uagb-timeline__right\">\n\t\t\t\t\t\t\t\t<div class = \"uagb-timeline__marker uagb-timeline__out-view-icon\" >\n\t\t\t\t<span class = \"uagb-timeline__icon-new uagb-timeline__out-view-icon\" >\t\t\t\t<svg xmlns=\"https:\/\/www.w3.org\/2000\/svg\" viewBox= \"0 0 448 512\"><path d=\"M160 32V64H288V32C288 14.33 302.3 0 320 0C337.7 0 352 14.33 352 32V64H400C426.5 64 448 85.49 448 112V160H0V112C0 85.49 21.49 64 48 64H96V32C96 14.33 110.3 0 128 0C145.7 0 160 14.33 160 32zM0 192H448V464C448 490.5 426.5 512 400 512H48C21.49 512 0 490.5 0 464V192zM64 304C64 312.8 71.16 320 80 320H112C120.8 320 128 312.8 128 304V272C128 263.2 120.8 256 112 256H80C71.16 256 64 263.2 64 272V304zM192 304C192 312.8 199.2 320 208 320H240C248.8 320 256 312.8 256 304V272C256 263.2 248.8 256 240 256H208C199.2 256 192 263.2 192 272V304zM336 256C327.2 256 320 263.2 320 272V304C320 312.8 327.2 320 336 320H368C376.8 320 384 312.8 384 304V272C384 263.2 376.8 256 368 256H336zM64 432C64 440.8 71.16 448 80 448H112C120.8 448 128 440.8 128 432V400C128 391.2 120.8 384 112 384H80C71.16 384 64 391.2 64 400V432zM208 384C199.2 384 192 391.2 192 400V432C192 440.8 199.2 448 208 448H240C248.8 448 256 440.8 256 432V400C256 391.2 248.8 384 240 384H208zM320 432C320 440.8 327.2 448 336 448H368C376.8 448 384 440.8 384 432V400C384 391.2 376.8 384 368 384H336C327.2 384 320 391.2 320 400V432z\"><\/path><\/svg>\n\t\t\t\t<\/span>\n\t\t\t<\/div>\n\t\t\t\t\t\t\t\t<div class = \"uagb-timeline__day-new uagb-timeline__day-right uagb-timeline__events-inner-new\" >\n\t\t\t\t\t\t<div class=\"uagb-timeline__events-inner--content\">\n\t\t\t\t\t\t\t\t\t\t\t<div datetime=\"2021-08-05T11:51:00-03:00\" class=\"uagb-timeline__date-hide uagb-timeline__inner-date-new\">\n\t\t\t\t\t\t\t<\/div>\n\t\t\t\t\t\t\t\t\t\t\t\t\t\t<a class='uagb-timeline__image' href=\"https:\/\/pet.face.ufmg.br\/economia\/blog\/2021\/08\/05\/o-diabo-provavelmente\/\" target=\"_self\" rel=\"noopener noreferrer\"><img loading=\"lazy\" decoding=\"async\" width=\"792\" height=\"792\" src=\"https:\/\/pet.face.ufmg.br\/economia\/wp-content\/uploads\/sites\/7\/2021\/09\/devilprobably-1024x1024.jpg\" class=\"attachment-large size-large\" alt=\"\" srcset=\"https:\/\/pet.face.ufmg.br\/economia\/wp-content\/uploads\/sites\/7\/2021\/09\/devilprobably-1024x1024.jpg 1024w, https:\/\/pet.face.ufmg.br\/economia\/wp-content\/uploads\/sites\/7\/2021\/09\/devilprobably-300x300.jpg 300w, https:\/\/pet.face.ufmg.br\/economia\/wp-content\/uploads\/sites\/7\/2021\/09\/devilprobably-150x150.jpg 150w, https:\/\/pet.face.ufmg.br\/economia\/wp-content\/uploads\/sites\/7\/2021\/09\/devilprobably-768x768.jpg 768w, https:\/\/pet.face.ufmg.br\/economia\/wp-content\/uploads\/sites\/7\/2021\/09\/devilprobably.jpg 1080w\" sizes=\"auto, (max-width: 792px) 100vw, 792px\" \/>\t\t\t\t<\/a>\n\t\t\t\t\t\t\t\t\t\t\t\t\t\t\t\t\t\t\t<h4 class=\"uagb-timeline__heading\" >\n\t\t\t\t\t<a href=\"https:\/\/pet.face.ufmg.br\/economia\/blog\/2021\/08\/05\/o-diabo-provavelmente\/\" target=\"_self\" rel=\"noopener noreferrer\">O Diabo, Provavelmente<\/a>\n\t\t\t\t<\/h4>\n\t\t\t\t\t\t\t\t\t\t\t\t\t\t\t<div class = \"uagb-timeline__arrow\"><\/div>\n\t\t\t\t\t\t<\/div>\n\t\t\t\t\t<\/div>\n\t\t\t\t\t\t\t\t\t\t\t\t\t\t<div datetime=\"2021-08-05T11:51:00-03:00\" class=\"uagb-timeline__date-new\">\n\t\t\t\t\t\t\t<\/div>\n\t\t\t\t\t\t\t\t\t\t\t<\/article>\n\t\t\t\t\t\t<article class = \"uagb-timeline__field  uagb-timeline__left\">\n\t\t\t\t\t\t\t\t<div class = \"uagb-timeline__marker uagb-timeline__out-view-icon\" >\n\t\t\t\t<span class = \"uagb-timeline__icon-new uagb-timeline__out-view-icon\" >\t\t\t\t<svg xmlns=\"https:\/\/www.w3.org\/2000\/svg\" viewBox= \"0 0 448 512\"><path d=\"M160 32V64H288V32C288 14.33 302.3 0 320 0C337.7 0 352 14.33 352 32V64H400C426.5 64 448 85.49 448 112V160H0V112C0 85.49 21.49 64 48 64H96V32C96 14.33 110.3 0 128 0C145.7 0 160 14.33 160 32zM0 192H448V464C448 490.5 426.5 512 400 512H48C21.49 512 0 490.5 0 464V192zM64 304C64 312.8 71.16 320 80 320H112C120.8 320 128 312.8 128 304V272C128 263.2 120.8 256 112 256H80C71.16 256 64 263.2 64 272V304zM192 304C192 312.8 199.2 320 208 320H240C248.8 320 256 312.8 256 304V272C256 263.2 248.8 256 240 256H208C199.2 256 192 263.2 192 272V304zM336 256C327.2 256 320 263.2 320 272V304C320 312.8 327.2 320 336 320H368C376.8 320 384 312.8 384 304V272C384 263.2 376.8 256 368 256H336zM64 432C64 440.8 71.16 448 80 448H112C120.8 448 128 440.8 128 432V400C128 391.2 120.8 384 112 384H80C71.16 384 64 391.2 64 400V432zM208 384C199.2 384 192 391.2 192 400V432C192 440.8 199.2 448 208 448H240C248.8 448 256 440.8 256 432V400C256 391.2 248.8 384 240 384H208zM320 432C320 440.8 327.2 448 336 448H368C376.8 448 384 440.8 384 432V400C384 391.2 376.8 384 368 384H336C327.2 384 320 391.2 320 400V432z\"><\/path><\/svg>\n\t\t\t\t<\/span>\n\t\t\t<\/div>\n\t\t\t\t\t\t\t\t<div class = \"uagb-timeline__day-new uagb-timeline__day-left uagb-timeline__events-inner-new\" >\n\t\t\t\t\t\t<div class=\"uagb-timeline__events-inner--content\">\n\t\t\t\t\t\t\t\t\t\t\t<div datetime=\"2021-07-02T11:45:00-03:00\" class=\"uagb-timeline__date-hide uagb-timeline__inner-date-new\">\n\t\t\t\t\t\t\t<\/div>\n\t\t\t\t\t\t\t\t\t\t\t\t\t\t<a class='uagb-timeline__image' href=\"https:\/\/pet.face.ufmg.br\/economia\/blog\/2021\/07\/02\/heaven-knows-what\/\" target=\"_self\" rel=\"noopener noreferrer\"><img loading=\"lazy\" decoding=\"async\" width=\"788\" height=\"660\" src=\"https:\/\/pet.face.ufmg.br\/economia\/wp-content\/uploads\/sites\/7\/2021\/09\/heavenknoswhat.jpg\" class=\"attachment-large size-large\" alt=\"\" srcset=\"https:\/\/pet.face.ufmg.br\/economia\/wp-content\/uploads\/sites\/7\/2021\/09\/heavenknoswhat.jpg 788w, https:\/\/pet.face.ufmg.br\/economia\/wp-content\/uploads\/sites\/7\/2021\/09\/heavenknoswhat-300x251.jpg 300w, https:\/\/pet.face.ufmg.br\/economia\/wp-content\/uploads\/sites\/7\/2021\/09\/heavenknoswhat-768x643.jpg 768w\" sizes=\"auto, (max-width: 788px) 100vw, 788px\" \/>\t\t\t\t<\/a>\n\t\t\t\t\t\t\t\t\t\t\t\t\t\t\t\t\t\t\t<h4 class=\"uagb-timeline__heading\" >\n\t\t\t\t\t<a href=\"https:\/\/pet.face.ufmg.br\/economia\/blog\/2021\/07\/02\/heaven-knows-what\/\" target=\"_self\" rel=\"noopener noreferrer\">Heaven Knows What<\/a>\n\t\t\t\t<\/h4>\n\t\t\t\t\t\t\t\t\t\t\t\t\t\t\t<div class = \"uagb-timeline__arrow\"><\/div>\n\t\t\t\t\t\t<\/div>\n\t\t\t\t\t<\/div>\n\t\t\t\t\t\t\t\t\t\t\t\t\t\t<div datetime=\"2021-07-02T11:45:00-03:00\" class=\"uagb-timeline__date-new\">\n\t\t\t\t\t\t\t<\/div>\n\t\t\t\t\t\t\t\t\t\t\t<\/article>\n\t\t\t\t\t\t<article class = \"uagb-timeline__field  uagb-timeline__right\">\n\t\t\t\t\t\t\t\t<div class = \"uagb-timeline__marker uagb-timeline__out-view-icon\" >\n\t\t\t\t<span class = \"uagb-timeline__icon-new uagb-timeline__out-view-icon\" >\t\t\t\t<svg xmlns=\"https:\/\/www.w3.org\/2000\/svg\" viewBox= \"0 0 448 512\"><path d=\"M160 32V64H288V32C288 14.33 302.3 0 320 0C337.7 0 352 14.33 352 32V64H400C426.5 64 448 85.49 448 112V160H0V112C0 85.49 21.49 64 48 64H96V32C96 14.33 110.3 0 128 0C145.7 0 160 14.33 160 32zM0 192H448V464C448 490.5 426.5 512 400 512H48C21.49 512 0 490.5 0 464V192zM64 304C64 312.8 71.16 320 80 320H112C120.8 320 128 312.8 128 304V272C128 263.2 120.8 256 112 256H80C71.16 256 64 263.2 64 272V304zM192 304C192 312.8 199.2 320 208 320H240C248.8 320 256 312.8 256 304V272C256 263.2 248.8 256 240 256H208C199.2 256 192 263.2 192 272V304zM336 256C327.2 256 320 263.2 320 272V304C320 312.8 327.2 320 336 320H368C376.8 320 384 312.8 384 304V272C384 263.2 376.8 256 368 256H336zM64 432C64 440.8 71.16 448 80 448H112C120.8 448 128 440.8 128 432V400C128 391.2 120.8 384 112 384H80C71.16 384 64 391.2 64 400V432zM208 384C199.2 384 192 391.2 192 400V432C192 440.8 199.2 448 208 448H240C248.8 448 256 440.8 256 432V400C256 391.2 248.8 384 240 384H208zM320 432C320 440.8 327.2 448 336 448H368C376.8 448 384 440.8 384 432V400C384 391.2 376.8 384 368 384H336C327.2 384 320 391.2 320 400V432z\"><\/path><\/svg>\n\t\t\t\t<\/span>\n\t\t\t<\/div>\n\t\t\t\t\t\t\t\t<div class = \"uagb-timeline__day-new uagb-timeline__day-right uagb-timeline__events-inner-new\" >\n\t\t\t\t\t\t<div class=\"uagb-timeline__events-inner--content\">\n\t\t\t\t\t\t\t\t\t\t\t<div datetime=\"2021-06-02T11:41:00-03:00\" class=\"uagb-timeline__date-hide uagb-timeline__inner-date-new\">\n\t\t\t\t\t\t\t<\/div>\n\t\t\t\t\t\t\t\t\t\t\t\t\t\t<a class='uagb-timeline__image' href=\"https:\/\/pet.face.ufmg.br\/economia\/blog\/2021\/06\/02\/arabia\/\" target=\"_self\" rel=\"noopener noreferrer\"><img loading=\"lazy\" decoding=\"async\" width=\"792\" height=\"664\" src=\"https:\/\/pet.face.ufmg.br\/economia\/wp-content\/uploads\/sites\/7\/2021\/09\/arabia.jpg\" class=\"attachment-large size-large\" alt=\"\" srcset=\"https:\/\/pet.face.ufmg.br\/economia\/wp-content\/uploads\/sites\/7\/2021\/09\/arabia.jpg 939w, https:\/\/pet.face.ufmg.br\/economia\/wp-content\/uploads\/sites\/7\/2021\/09\/arabia-300x251.jpg 300w, https:\/\/pet.face.ufmg.br\/economia\/wp-content\/uploads\/sites\/7\/2021\/09\/arabia-768x644.jpg 768w\" sizes=\"auto, (max-width: 792px) 100vw, 792px\" \/>\t\t\t\t<\/a>\n\t\t\t\t\t\t\t\t\t\t\t\t\t\t\t\t\t\t\t<h4 class=\"uagb-timeline__heading\" >\n\t\t\t\t\t<a href=\"https:\/\/pet.face.ufmg.br\/economia\/blog\/2021\/06\/02\/arabia\/\" target=\"_self\" rel=\"noopener noreferrer\">Ar\u00e1bia<\/a>\n\t\t\t\t<\/h4>\n\t\t\t\t\t\t\t\t\t\t\t\t\t\t\t<div class = \"uagb-timeline__arrow\"><\/div>\n\t\t\t\t\t\t<\/div>\n\t\t\t\t\t<\/div>\n\t\t\t\t\t\t\t\t\t\t\t\t\t\t<div datetime=\"2021-06-02T11:41:00-03:00\" class=\"uagb-timeline__date-new\">\n\t\t\t\t\t\t\t<\/div>\n\t\t\t\t\t\t\t\t\t\t\t<\/article>\n\t\t\t\t\t\t<article class = \"uagb-timeline__field  uagb-timeline__left\">\n\t\t\t\t\t\t\t\t<div class = \"uagb-timeline__marker uagb-timeline__out-view-icon\" >\n\t\t\t\t<span class = \"uagb-timeline__icon-new uagb-timeline__out-view-icon\" >\t\t\t\t<svg xmlns=\"https:\/\/www.w3.org\/2000\/svg\" viewBox= \"0 0 448 512\"><path d=\"M160 32V64H288V32C288 14.33 302.3 0 320 0C337.7 0 352 14.33 352 32V64H400C426.5 64 448 85.49 448 112V160H0V112C0 85.49 21.49 64 48 64H96V32C96 14.33 110.3 0 128 0C145.7 0 160 14.33 160 32zM0 192H448V464C448 490.5 426.5 512 400 512H48C21.49 512 0 490.5 0 464V192zM64 304C64 312.8 71.16 320 80 320H112C120.8 320 128 312.8 128 304V272C128 263.2 120.8 256 112 256H80C71.16 256 64 263.2 64 272V304zM192 304C192 312.8 199.2 320 208 320H240C248.8 320 256 312.8 256 304V272C256 263.2 248.8 256 240 256H208C199.2 256 192 263.2 192 272V304zM336 256C327.2 256 320 263.2 320 272V304C320 312.8 327.2 320 336 320H368C376.8 320 384 312.8 384 304V272C384 263.2 376.8 256 368 256H336zM64 432C64 440.8 71.16 448 80 448H112C120.8 448 128 440.8 128 432V400C128 391.2 120.8 384 112 384H80C71.16 384 64 391.2 64 400V432zM208 384C199.2 384 192 391.2 192 400V432C192 440.8 199.2 448 208 448H240C248.8 448 256 440.8 256 432V400C256 391.2 248.8 384 240 384H208zM320 432C320 440.8 327.2 448 336 448H368C376.8 448 384 440.8 384 432V400C384 391.2 376.8 384 368 384H336C327.2 384 320 391.2 320 400V432z\"><\/path><\/svg>\n\t\t\t\t<\/span>\n\t\t\t<\/div>\n\t\t\t\t\t\t\t\t<div class = \"uagb-timeline__day-new uagb-timeline__day-left uagb-timeline__events-inner-new\" >\n\t\t\t\t\t\t<div class=\"uagb-timeline__events-inner--content\">\n\t\t\t\t\t\t\t\t\t\t\t<div datetime=\"2020-08-04T16:16:56-03:00\" class=\"uagb-timeline__date-hide uagb-timeline__inner-date-new\">\n\t\t\t\t\t\t\t<\/div>\n\t\t\t\t\t\t\t\t\t\t\t\t\t\t<a class='uagb-timeline__image' href=\"https:\/\/pet.face.ufmg.br\/economia\/blog\/2020\/08\/04\/mostra-virtual-ditaduras-latino-americanas\/\" target=\"_self\" rel=\"noopener noreferrer\"><img loading=\"lazy\" decoding=\"async\" width=\"792\" height=\"664\" src=\"https:\/\/pet.face.ufmg.br\/economia\/wp-content\/uploads\/sites\/7\/2020\/09\/mostra-virtual-ditaduras-latino-americanas.png\" class=\"attachment-large size-large\" alt=\"\" srcset=\"https:\/\/pet.face.ufmg.br\/economia\/wp-content\/uploads\/sites\/7\/2020\/09\/mostra-virtual-ditaduras-latino-americanas.png 940w, https:\/\/pet.face.ufmg.br\/economia\/wp-content\/uploads\/sites\/7\/2020\/09\/mostra-virtual-ditaduras-latino-americanas-300x251.png 300w, https:\/\/pet.face.ufmg.br\/economia\/wp-content\/uploads\/sites\/7\/2020\/09\/mostra-virtual-ditaduras-latino-americanas-768x644.png 768w\" sizes=\"auto, (max-width: 792px) 100vw, 792px\" \/>\t\t\t\t<\/a>\n\t\t\t\t\t\t\t\t\t\t\t\t\t\t\t\t\t\t\t<h4 class=\"uagb-timeline__heading\" >\n\t\t\t\t\t<a href=\"https:\/\/pet.face.ufmg.br\/economia\/blog\/2020\/08\/04\/mostra-virtual-ditaduras-latino-americanas\/\" target=\"_self\" rel=\"noopener noreferrer\">Mostra Virtual Ditaduras Latino Americanas<\/a>\n\t\t\t\t<\/h4>\n\t\t\t\t\t\t\t\t\t\t\t\t\t\t\t<div class = \"uagb-timeline__arrow\"><\/div>\n\t\t\t\t\t\t<\/div>\n\t\t\t\t\t<\/div>\n\t\t\t\t\t\t\t\t\t\t\t\t\t\t<div datetime=\"2020-08-04T16:16:56-03:00\" class=\"uagb-timeline__date-new\">\n\t\t\t\t\t\t\t<\/div>\n\t\t\t\t\t\t\t\t\t\t\t<\/article>\n\t\t\t\t\t\t<article class = \"uagb-timeline__field  uagb-timeline__right\">\n\t\t\t\t\t\t\t\t<div class = \"uagb-timeline__marker uagb-timeline__out-view-icon\" >\n\t\t\t\t<span class = \"uagb-timeline__icon-new uagb-timeline__out-view-icon\" >\t\t\t\t<svg xmlns=\"https:\/\/www.w3.org\/2000\/svg\" viewBox= \"0 0 448 512\"><path d=\"M160 32V64H288V32C288 14.33 302.3 0 320 0C337.7 0 352 14.33 352 32V64H400C426.5 64 448 85.49 448 112V160H0V112C0 85.49 21.49 64 48 64H96V32C96 14.33 110.3 0 128 0C145.7 0 160 14.33 160 32zM0 192H448V464C448 490.5 426.5 512 400 512H48C21.49 512 0 490.5 0 464V192zM64 304C64 312.8 71.16 320 80 320H112C120.8 320 128 312.8 128 304V272C128 263.2 120.8 256 112 256H80C71.16 256 64 263.2 64 272V304zM192 304C192 312.8 199.2 320 208 320H240C248.8 320 256 312.8 256 304V272C256 263.2 248.8 256 240 256H208C199.2 256 192 263.2 192 272V304zM336 256C327.2 256 320 263.2 320 272V304C320 312.8 327.2 320 336 320H368C376.8 320 384 312.8 384 304V272C384 263.2 376.8 256 368 256H336zM64 432C64 440.8 71.16 448 80 448H112C120.8 448 128 440.8 128 432V400C128 391.2 120.8 384 112 384H80C71.16 384 64 391.2 64 400V432zM208 384C199.2 384 192 391.2 192 400V432C192 440.8 199.2 448 208 448H240C248.8 448 256 440.8 256 432V400C256 391.2 248.8 384 240 384H208zM320 432C320 440.8 327.2 448 336 448H368C376.8 448 384 440.8 384 432V400C384 391.2 376.8 384 368 384H336C327.2 384 320 391.2 320 400V432z\"><\/path><\/svg>\n\t\t\t\t<\/span>\n\t\t\t<\/div>\n\t\t\t\t\t\t\t\t<div class = \"uagb-timeline__day-new uagb-timeline__day-right uagb-timeline__events-inner-new\" >\n\t\t\t\t\t\t<div class=\"uagb-timeline__events-inner--content\">\n\t\t\t\t\t\t\t\t\t\t\t<div datetime=\"2020-05-18T15:44:58-03:00\" class=\"uagb-timeline__date-hide uagb-timeline__inner-date-new\">\n\t\t\t\t\t\t\t<\/div>\n\t\t\t\t\t\t\t\t\t\t\t\t\t\t<a class='uagb-timeline__image' href=\"https:\/\/pet.face.ufmg.br\/economia\/blog\/2020\/05\/18\/mostra-virtual-de-cinema-sul-coreano\/\" target=\"_self\" rel=\"noopener noreferrer\"><img loading=\"lazy\" decoding=\"async\" width=\"792\" height=\"664\" src=\"https:\/\/pet.face.ufmg.br\/economia\/wp-content\/uploads\/sites\/7\/2020\/09\/Mostra-cinema-sul-coreano.png\" class=\"attachment-large size-large\" alt=\"\" srcset=\"https:\/\/pet.face.ufmg.br\/economia\/wp-content\/uploads\/sites\/7\/2020\/09\/Mostra-cinema-sul-coreano.png 940w, https:\/\/pet.face.ufmg.br\/economia\/wp-content\/uploads\/sites\/7\/2020\/09\/Mostra-cinema-sul-coreano-300x251.png 300w, https:\/\/pet.face.ufmg.br\/economia\/wp-content\/uploads\/sites\/7\/2020\/09\/Mostra-cinema-sul-coreano-768x644.png 768w\" sizes=\"auto, (max-width: 792px) 100vw, 792px\" \/>\t\t\t\t<\/a>\n\t\t\t\t\t\t\t\t\t\t\t\t\t\t\t\t\t\t\t<h4 class=\"uagb-timeline__heading\" >\n\t\t\t\t\t<a href=\"https:\/\/pet.face.ufmg.br\/economia\/blog\/2020\/05\/18\/mostra-virtual-de-cinema-sul-coreano\/\" target=\"_self\" rel=\"noopener noreferrer\">Mostra Virtual de Cinema Sul-Coreano<\/a>\n\t\t\t\t<\/h4>\n\t\t\t\t\t\t\t\t\t\t\t\t\t\t\t<div class = \"uagb-timeline__arrow\"><\/div>\n\t\t\t\t\t\t<\/div>\n\t\t\t\t\t<\/div>\n\t\t\t\t\t\t\t\t\t\t\t\t\t\t<div datetime=\"2020-05-18T15:44:58-03:00\" class=\"uagb-timeline__date-new\">\n\t\t\t\t\t\t\t<\/div>\n\t\t\t\t\t\t\t\t\t\t\t<\/article>\n\t\t\t\t\t\t\t\t\t\t<div class = \"uagb-timeline__line\" >\n\t\t\t\t\t<div class = \"uagb-timeline__line__inner\"><\/div>\n\t\t\t\t<\/div>\n\t\t\t<\/div>\n\t\t\t\n\n","protected":false},"excerpt":{"rendered":"<p>O Cineclube FACE existe h\u00e1 mais de 50 anos. Ao longo desse per\u00edodo, passou pela fase do rolo projetor, do VHS e assistiu ao nascimento do DVD e \u00e0 democratiza\u00e7\u00e3o do acesso aos filmes, via Internet. Dessa maneira, enfrentou diversos desafios, como a exibi\u00e7\u00e3o de filmes clandestinos durante a ditadura. Anterior ao cen\u00e1rio da pandemia, &hellip; <a href=\"https:\/\/pet.face.ufmg.br\/economia\/cineclube-face\/\" class=\"more-link\">Continue reading <span class=\"screen-reader-text\">Cineclube FACE<\/span><\/a><\/p>\n","protected":false},"author":1,"featured_media":0,"parent":0,"menu_order":0,"comment_status":"closed","ping_status":"closed","template":"","meta":{"_uag_custom_page_level_css":"","footnotes":""},"class_list":["post-147","page","type-page","status-publish","hentry"],"uagb_featured_image_src":{"full":false,"thumbnail":false,"medium":false,"medium_large":false,"large":false,"1536x1536":false,"2048x2048":false,"post-thumbnail":false},"uagb_author_info":{"display_name":"danielfbc","author_link":"https:\/\/pet.face.ufmg.br\/economia\/blog\/author\/danielfbc\/"},"uagb_comment_info":0,"uagb_excerpt":"O Cineclube FACE existe h\u00e1 mais de 50 anos. Ao longo desse per\u00edodo, passou pela fase do rolo projetor, do VHS e assistiu ao nascimento do DVD e \u00e0 democratiza\u00e7\u00e3o do acesso aos filmes, via Internet. Dessa maneira, enfrentou diversos desafios, como a exibi\u00e7\u00e3o de filmes clandestinos durante a ditadura. Anterior ao cen\u00e1rio da pandemia,&hellip;","_links":{"self":[{"href":"https:\/\/pet.face.ufmg.br\/economia\/wp-json\/wp\/v2\/pages\/147","targetHints":{"allow":["GET"]}}],"collection":[{"href":"https:\/\/pet.face.ufmg.br\/economia\/wp-json\/wp\/v2\/pages"}],"about":[{"href":"https:\/\/pet.face.ufmg.br\/economia\/wp-json\/wp\/v2\/types\/page"}],"author":[{"embeddable":true,"href":"https:\/\/pet.face.ufmg.br\/economia\/wp-json\/wp\/v2\/users\/1"}],"replies":[{"embeddable":true,"href":"https:\/\/pet.face.ufmg.br\/economia\/wp-json\/wp\/v2\/comments?post=147"}],"version-history":[{"count":24,"href":"https:\/\/pet.face.ufmg.br\/economia\/wp-json\/wp\/v2\/pages\/147\/revisions"}],"predecessor-version":[{"id":954,"href":"https:\/\/pet.face.ufmg.br\/economia\/wp-json\/wp\/v2\/pages\/147\/revisions\/954"}],"wp:attachment":[{"href":"https:\/\/pet.face.ufmg.br\/economia\/wp-json\/wp\/v2\/media?parent=147"}],"curies":[{"name":"wp","href":"https:\/\/api.w.org\/{rel}","templated":true}]}}