{"id":194,"date":"2020-07-24T19:15:18","date_gmt":"2020-07-24T22:15:18","guid":{"rendered":"https:\/\/pet.face.ufmg.br\/economia\/?page_id=194"},"modified":"2022-09-07T20:17:40","modified_gmt":"2022-09-07T23:17:40","slug":"pet-debate","status":"publish","type":"page","link":"https:\/\/pet.face.ufmg.br\/economia\/pet-debate\/","title":{"rendered":"PET Debate"},"content":{"rendered":"\n<p>S\u00e9rie de semin\u00e1rios realizados pelos bolsistas do PET Economia, cujo objetivo \u00e9 abordar temas relevantes no debate econ\u00f4mico para ampliar a forma\u00e7\u00e3o dos alunos do PET, da FACE e da UFMG. Os temas econ\u00f4micos fazem parte do cotidiano, mas nem sempre conseguem ser abordados nas disciplinas regulares do curso. Por meio do PET Debate, \u00e9 poss\u00edvel favorecer o interesse, o aprendizado e a forma\u00e7\u00e3o dos alunos buscando diferentes vozes e perspectivas sobre um tema. \u00c9 tamb\u00e9m um espa\u00e7o&nbsp;que aproxima as pesquisas realizadas na universidade e os debates p\u00fablicos&nbsp;atuais.<\/p>\n","protected":false},"excerpt":{"rendered":"<p>S\u00e9rie de semin\u00e1rios realizados pelos bolsistas do PET Economia, cujo objetivo \u00e9 abordar temas relevantes no debate econ\u00f4mico para ampliar a forma\u00e7\u00e3o dos alunos do PET, da FACE e da UFMG. Os temas econ\u00f4micos fazem parte do cotidiano, mas nem sempre conseguem ser abordados nas disciplinas regulares do curso. Por meio do PET Debate, \u00e9 &hellip; <a href=\"https:\/\/pet.face.ufmg.br\/economia\/pet-debate\/\" class=\"more-link\">Continue reading <span class=\"screen-reader-text\">PET Debate<\/span><\/a><\/p>\n","protected":false},"author":1,"featured_media":0,"parent":0,"menu_order":0,"comment_status":"closed","ping_status":"closed","template":"","meta":{"_uag_custom_page_level_css":"","footnotes":""},"class_list":["post-194","page","type-page","status-publish","hentry"],"uagb_featured_image_src":{"full":false,"thumbnail":false,"medium":false,"medium_large":false,"large":false,"1536x1536":false,"2048x2048":false,"post-thumbnail":false},"uagb_author_info":{"display_name":"danielfbc","author_link":"https:\/\/pet.face.ufmg.br\/economia\/blog\/author\/danielfbc\/"},"uagb_comment_info":0,"uagb_excerpt":"S\u00e9rie de semin\u00e1rios realizados pelos bolsistas do PET Economia, cujo objetivo \u00e9 abordar temas relevantes no debate econ\u00f4mico para ampliar a forma\u00e7\u00e3o dos alunos do PET, da FACE e da UFMG. Os temas econ\u00f4micos fazem parte do cotidiano, mas nem sempre conseguem ser abordados nas disciplinas regulares do curso. Por meio do PET Debate, \u00e9&hellip;","_links":{"self":[{"href":"https:\/\/pet.face.ufmg.br\/economia\/wp-json\/wp\/v2\/pages\/194","targetHints":{"allow":["GET"]}}],"collection":[{"href":"https:\/\/pet.face.ufmg.br\/economia\/wp-json\/wp\/v2\/pages"}],"about":[{"href":"https:\/\/pet.face.ufmg.br\/economia\/wp-json\/wp\/v2\/types\/page"}],"author":[{"embeddable":true,"href":"https:\/\/pet.face.ufmg.br\/economia\/wp-json\/wp\/v2\/users\/1"}],"replies":[{"embeddable":true,"href":"https:\/\/pet.face.ufmg.br\/economia\/wp-json\/wp\/v2\/comments?post=194"}],"version-history":[{"count":27,"href":"https:\/\/pet.face.ufmg.br\/economia\/wp-json\/wp\/v2\/pages\/194\/revisions"}],"predecessor-version":[{"id":961,"href":"https:\/\/pet.face.ufmg.br\/economia\/wp-json\/wp\/v2\/pages\/194\/revisions\/961"}],"wp:attachment":[{"href":"https:\/\/pet.face.ufmg.br\/economia\/wp-json\/wp\/v2\/media?parent=194"}],"curies":[{"name":"wp","href":"https:\/\/api.w.org\/{rel}","templated":true}]}}