{"id":256,"date":"2020-07-28T22:04:23","date_gmt":"2020-07-29T01:04:23","guid":{"rendered":"https:\/\/pet.face.ufmg.br\/economia\/?page_id=256"},"modified":"2020-10-13T15:17:01","modified_gmt":"2020-10-13T18:17:01","slug":"depoimentos","status":"publish","type":"page","link":"https:\/\/pet.face.ufmg.br\/economia\/depoimentos\/","title":{"rendered":"Depoimentos"},"content":{"rendered":"\n<div class=\"wp-block-columns is-layout-flex wp-container-core-columns-is-layout-9d6595d7 wp-block-columns-is-layout-flex\">\n<div class=\"wp-block-column is-layout-flow wp-block-column-is-layout-flow\">\n<blockquote class=\"aligncenter wp-block-ugb-blockquote ugb-blockquote ugb-36e43a1 ugb-blockquote--v3 ugb-blockquote--design-basic ugb-main-block\" id=\"\"><style>.ugb-36e43a1 .ugb-blockquote__item{border-radius:50px !important}.ugb-36e43a1 .ugb-blockquote__quote{width:70px !important;height:70px !important}.ugb-36e43a1 .ugb-blockquote__text{font-size:14px !important;color:#000000}.ugb-36e43a1 .ugb-inner-block{text-align:left}<\/style><div class=\"ugb-inner-block\"><div class=\"ugb-block-content\"><div class=\"ugb-blockquote__item\"><svg viewbox=\"0 0 50 50\" xmlns=\"http:\/\/www.w3.org\/2000\/svg\" class=\"ugb-blockquote__quote\" width=\"70\" height=\"70\"><path d=\"M22.3 30.5c0 6-4.8 10.8-10.8 10.8-2.3 0-4.5-.8-6.3-2-.9-.6-1.8-1.4-2.5-2.4-1.8-2.4-2.7-5.4-2.7-9 0-4.5 1.3-8.5 4-11.9 2.7-3.4 6.4-5.8 11.1-7.3v2.8c-2.7 2.2-4.4 5-4.9 8.3.4-.1.9-.1 1.3-.1 6-.1 10.8 4.8 10.8 10.8zm16.9-10.9c-.5 0-.9 0-1.3.1.5-3.3 2.2-6.1 4.9-8.3V8.7c-4.7 1.4-8.4 3.9-11.1 7.3-2.7 3.4-4 7.4-4 11.9 0 3.6.9 6.6 2.7 9 .8 1 1.6 1.8 2.5 2.4 1.8 1.3 3.9 2 6.3 2 6 0 10.8-4.8 10.8-10.8 0-6-4.8-10.9-10.8-10.9z\"><\/path><\/svg><div class=\"ugb-blockquote__content\"><p class=\"ugb-blockquote__text\">Minha experi\u00eancia no PET foi central para minha forma\u00e7\u00e3o. No PET, fui introduzida na pesquisa acad\u00eamica desde o in\u00edcio da minha trajet\u00f3ria no curso e tive uma liberdade muito grande para ir atr\u00e1s dos meus interesses e inquieta\u00e7\u00f5es no campo da economia. Essa possibilidade de que o aluno leve a pesquisa de forma mais aut\u00f4noma, claro, com o acompanhamento de um(a) professor(a) orientador(a), foi muito enriquecedora para mim, porque me ajudou a construir um sentido pr\u00f3prio para minha pesquisa, integrado \u00e0s outras atividades que me envolvi no meu percurso curricular e, sobretudo, extracurricular. As atividades para al\u00e9m da pesquisa das quais eu participei &#8211; grupos de estudos, debates, reuni\u00f5es, semin\u00e1rios (na UFMG e em outras universidades), Cineclube, etc &#8211; foram ainda mais enriquecedoras, porque fortaleceram minha rela\u00e7\u00e3o com os colegas e com a universidade e me permitiram compreender o papel mais amplo do PET na universidade. Acredito que a proposta do PET de unir pesquisa, ensino e extens\u00e3o deve ser aprofundada cada dia mais, porque tem um potencial muito grande, para al\u00e9m da forma\u00e7\u00e3o de pesquisadores, para a forma\u00e7\u00e3o de pessoas comprometidas com um projeto de universidade que seja acess\u00edvel, universal e popular.<br>Bolsista de 2017 a 2020<\/p><\/div><\/div><\/div><\/div><\/blockquote>\n\n\n\n<blockquote class=\"aligncenter wp-block-ugb-blockquote ugb-blockquote ugb-be93df4 ugb-blockquote--v3 ugb-blockquote--design-basic ugb-main-block\" id=\"\"><style>.ugb-be93df4 .ugb-blockquote__item{border-radius:50px !important}.ugb-be93df4 .ugb-blockquote__quote{width:70px !important;height:70px !important}.ugb-be93df4 .ugb-blockquote__text{font-size:14px !important;color:#000000}.ugb-be93df4 .ugb-inner-block{text-align:left}<\/style><div class=\"ugb-inner-block\"><div class=\"ugb-block-content\"><div class=\"ugb-blockquote__item\"><svg viewbox=\"0 0 50 50\" xmlns=\"http:\/\/www.w3.org\/2000\/svg\" class=\"ugb-blockquote__quote\" width=\"70\" height=\"70\"><path d=\"M22.3 30.5c0 6-4.8 10.8-10.8 10.8-2.3 0-4.5-.8-6.3-2-.9-.6-1.8-1.4-2.5-2.4-1.8-2.4-2.7-5.4-2.7-9 0-4.5 1.3-8.5 4-11.9 2.7-3.4 6.4-5.8 11.1-7.3v2.8c-2.7 2.2-4.4 5-4.9 8.3.4-.1.9-.1 1.3-.1 6-.1 10.8 4.8 10.8 10.8zm16.9-10.9c-.5 0-.9 0-1.3.1.5-3.3 2.2-6.1 4.9-8.3V8.7c-4.7 1.4-8.4 3.9-11.1 7.3-2.7 3.4-4 7.4-4 11.9 0 3.6.9 6.6 2.7 9 .8 1 1.6 1.8 2.5 2.4 1.8 1.3 3.9 2 6.3 2 6 0 10.8-4.8 10.8-10.8 0-6-4.8-10.9-10.8-10.9z\"><\/path><\/svg><div class=\"ugb-blockquote__content\"><p class=\"ugb-blockquote__text\">As atividades do PET me incentivaram a dedicar tempo e esfor\u00e7o aos estudos na gradua\u00e7\u00e3o, al\u00e9m de ampliar as minhas experi\u00eancias na universidade. Al\u00e9m disso, as discuss\u00f5es com colegas e professores e a participa\u00e7\u00e3o em semin\u00e1rios (financiadas pelo PET) foram fundamentais para aumentar meu interesse pela pesquisa acad\u00eamica.<br>Bolsista entre 2008 e 2011<\/p><\/div><\/div><\/div><\/div><\/blockquote>\n\n\n\n<blockquote class=\"aligncenter wp-block-ugb-blockquote ugb-blockquote ugb-0116ec8 ugb-blockquote--v3 ugb-blockquote--design-basic ugb-main-block\" id=\"\"><style>.ugb-0116ec8 .ugb-blockquote__item{border-radius:50px !important}.ugb-0116ec8 .ugb-blockquote__quote{width:70px !important;height:70px !important}.ugb-0116ec8 .ugb-blockquote__text{font-size:14px !important;color:#000000}.ugb-0116ec8 .ugb-inner-block{text-align:left}<\/style><div class=\"ugb-inner-block\"><div class=\"ugb-block-content\"><div class=\"ugb-blockquote__item\"><svg viewbox=\"0 0 50 50\" xmlns=\"http:\/\/www.w3.org\/2000\/svg\" class=\"ugb-blockquote__quote\" width=\"70\" height=\"70\"><path d=\"M22.3 30.5c0 6-4.8 10.8-10.8 10.8-2.3 0-4.5-.8-6.3-2-.9-.6-1.8-1.4-2.5-2.4-1.8-2.4-2.7-5.4-2.7-9 0-4.5 1.3-8.5 4-11.9 2.7-3.4 6.4-5.8 11.1-7.3v2.8c-2.7 2.2-4.4 5-4.9 8.3.4-.1.9-.1 1.3-.1 6-.1 10.8 4.8 10.8 10.8zm16.9-10.9c-.5 0-.9 0-1.3.1.5-3.3 2.2-6.1 4.9-8.3V8.7c-4.7 1.4-8.4 3.9-11.1 7.3-2.7 3.4-4 7.4-4 11.9 0 3.6.9 6.6 2.7 9 .8 1 1.6 1.8 2.5 2.4 1.8 1.3 3.9 2 6.3 2 6 0 10.8-4.8 10.8-10.8 0-6-4.8-10.9-10.8-10.9z\"><\/path><\/svg><div class=\"ugb-blockquote__content\"><p class=\"ugb-blockquote__text\">A experi\u00eancia no PET contribuiu para desenvolver as habilidades de estudo, pesquisa e escrita, bem como estimularam minha autonomia na produ\u00e7\u00e3o acad\u00eamica. Ainda, o conv\u00edvio com os colegas contribuiu para a constru\u00e7\u00e3o de um pensamento cr\u00edtico de uma forma mais enf\u00e1tica do que penso que poderia ter ocorrido se n\u00e3o tivesse feito parte do grupo (..).<br>Bolsista entre 2009 e 2012<\/p><\/div><\/div><\/div><\/div><\/blockquote>\n\n\n\n<blockquote class=\"aligncenter wp-block-ugb-blockquote ugb-blockquote ugb-15b57b3 ugb-blockquote--v3 ugb-blockquote--design-basic ugb-main-block\" id=\"\"><style>.ugb-15b57b3 .ugb-blockquote__item{border-radius:50px !important}.ugb-15b57b3 .ugb-blockquote__quote{width:70px !important;height:70px !important}.ugb-15b57b3 .ugb-blockquote__text{font-size:14px !important;color:#000000}.ugb-15b57b3 .ugb-inner-block{text-align:left}<\/style><div class=\"ugb-inner-block\"><div class=\"ugb-block-content\"><div class=\"ugb-blockquote__item\"><svg viewbox=\"0 0 50 50\" xmlns=\"http:\/\/www.w3.org\/2000\/svg\" class=\"ugb-blockquote__quote\" width=\"70\" height=\"70\"><path d=\"M22.3 30.5c0 6-4.8 10.8-10.8 10.8-2.3 0-4.5-.8-6.3-2-.9-.6-1.8-1.4-2.5-2.4-1.8-2.4-2.7-5.4-2.7-9 0-4.5 1.3-8.5 4-11.9 2.7-3.4 6.4-5.8 11.1-7.3v2.8c-2.7 2.2-4.4 5-4.9 8.3.4-.1.9-.1 1.3-.1 6-.1 10.8 4.8 10.8 10.8zm16.9-10.9c-.5 0-.9 0-1.3.1.5-3.3 2.2-6.1 4.9-8.3V8.7c-4.7 1.4-8.4 3.9-11.1 7.3-2.7 3.4-4 7.4-4 11.9 0 3.6.9 6.6 2.7 9 .8 1 1.6 1.8 2.5 2.4 1.8 1.3 3.9 2 6.3 2 6 0 10.8-4.8 10.8-10.8 0-6-4.8-10.9-10.8-10.9z\"><\/path><\/svg><div class=\"ugb-blockquote__content\"><p class=\"ugb-blockquote__text\">O PET me tornou uma profissional muito flex\u00edvel, com capacidade de investigar problemas em altos n\u00edveis de complexidade e realizar diferentes tarefas ao mesmo tempo. A experi\u00eancia acad\u00eamica tamb\u00e9m me ajuda muito, pois preciso escrever textos longos e com rigor acad\u00eamico com alguma frequ\u00eancia, assim como discutir teorias associadas \u00e0 minha \u00e1rea de atua\u00e7\u00e3o.<br>Bolsista entre 2008 e 2010<\/p><\/div><\/div><\/div><\/div><\/blockquote>\n<\/div>\n\n\n\n<div class=\"wp-block-column is-layout-flow wp-block-column-is-layout-flow\">\n<blockquote class=\"aligncenter wp-block-ugb-blockquote ugb-blockquote ugb-2c5e525 ugb-blockquote--v3 ugb-blockquote--design-basic ugb-main-block\" id=\"\"><style>.ugb-2c5e525 .ugb-blockquote__item{border-radius:50px !important}.ugb-2c5e525 .ugb-blockquote__quote{width:70px !important;height:70px !important}.ugb-2c5e525 .ugb-blockquote__text{font-size:14px !important;color:#000000}.ugb-2c5e525 .ugb-inner-block{text-align:left}<\/style><div class=\"ugb-inner-block\"><div class=\"ugb-block-content\"><div class=\"ugb-blockquote__item\"><svg viewbox=\"0 0 50 50\" xmlns=\"http:\/\/www.w3.org\/2000\/svg\" class=\"ugb-blockquote__quote\" width=\"70\" height=\"70\"><path d=\"M22.3 30.5c0 6-4.8 10.8-10.8 10.8-2.3 0-4.5-.8-6.3-2-.9-.6-1.8-1.4-2.5-2.4-1.8-2.4-2.7-5.4-2.7-9 0-4.5 1.3-8.5 4-11.9 2.7-3.4 6.4-5.8 11.1-7.3v2.8c-2.7 2.2-4.4 5-4.9 8.3.4-.1.9-.1 1.3-.1 6-.1 10.8 4.8 10.8 10.8zm16.9-10.9c-.5 0-.9 0-1.3.1.5-3.3 2.2-6.1 4.9-8.3V8.7c-4.7 1.4-8.4 3.9-11.1 7.3-2.7 3.4-4 7.4-4 11.9 0 3.6.9 6.6 2.7 9 .8 1 1.6 1.8 2.5 2.4 1.8 1.3 3.9 2 6.3 2 6 0 10.8-4.8 10.8-10.8 0-6-4.8-10.9-10.8-10.9z\"><\/path><\/svg><div class=\"ugb-blockquote__content\"><p class=\"ugb-blockquote__text\">O PET Economia foi um programa que me possibilitou explorar a vida acad\u00eamica desde o in\u00edcio da minha gradua\u00e7\u00e3o e teve um papel crucial na minha forma\u00e7\u00e3o como economista e cidad\u00e3. Os grupos de estudo, os debates promovidos pelo grupo e o incentivo a&nbsp;pesquisa me proporcionaram uma experi\u00eancia muito mais intensa e plural do curso de ci\u00eancias econ\u00f4micas, me dando a possibilidade de explorar temas e \u00e1reas para al\u00e9m do curr\u00edculo obrigat\u00f3rio do curso. Tenho muito orgulho de ter sido parte do programa e sou muito grata a todos os colegas e professores que fazem do PET um programa de excel\u00eancia, refor\u00e7ando a import\u00e2ncia da universidade p\u00fablica para a pesquisa e o pensamento cr\u00edtico no Brasil.<br>Bolsista entre 2016 e 2020<\/p><\/div><\/div><\/div><\/div><\/blockquote>\n\n\n\n<blockquote class=\"aligncenter wp-block-ugb-blockquote ugb-blockquote ugb-00953d6 ugb-blockquote--v3 ugb-blockquote--design-basic ugb-main-block\" id=\"\"><style>.ugb-00953d6 .ugb-blockquote__item{border-radius:50px !important}.ugb-00953d6 .ugb-blockquote__quote{width:70px !important;height:70px !important}.ugb-00953d6 .ugb-blockquote__text{font-size:14px !important;color:#000000}.ugb-00953d6 .ugb-inner-block{text-align:left}<\/style><div class=\"ugb-inner-block\"><div class=\"ugb-block-content\"><div class=\"ugb-blockquote__item\"><svg viewbox=\"0 0 50 50\" xmlns=\"http:\/\/www.w3.org\/2000\/svg\" class=\"ugb-blockquote__quote\" width=\"70\" height=\"70\"><path d=\"M22.3 30.5c0 6-4.8 10.8-10.8 10.8-2.3 0-4.5-.8-6.3-2-.9-.6-1.8-1.4-2.5-2.4-1.8-2.4-2.7-5.4-2.7-9 0-4.5 1.3-8.5 4-11.9 2.7-3.4 6.4-5.8 11.1-7.3v2.8c-2.7 2.2-4.4 5-4.9 8.3.4-.1.9-.1 1.3-.1 6-.1 10.8 4.8 10.8 10.8zm16.9-10.9c-.5 0-.9 0-1.3.1.5-3.3 2.2-6.1 4.9-8.3V8.7c-4.7 1.4-8.4 3.9-11.1 7.3-2.7 3.4-4 7.4-4 11.9 0 3.6.9 6.6 2.7 9 .8 1 1.6 1.8 2.5 2.4 1.8 1.3 3.9 2 6.3 2 6 0 10.8-4.8 10.8-10.8 0-6-4.8-10.9-10.8-10.9z\"><\/path><\/svg><div class=\"ugb-blockquote__content\"><p class=\"ugb-blockquote__text\">As atividades desenvolvidas como bolsista do PET-Economia foram pelo menos t\u00e3o importantes quanto as li\u00e7\u00f5es aprendidas em sala de aula para minha forma\u00e7\u00e3o como economista. As salinhas do PET foram minha segunda casa durante quatro anos e meio. Nesse ambiente descobri os desafios e as potencialidades do trabalho em grupo, aprendi que a coopera\u00e7\u00e3o \u00e9 essencial para a constru\u00e7\u00e3o de uma ambiente universit\u00e1rio democr\u00e1tico, encontrei meus interesses de pesquisa e decidi me aventurar pela carreira acad\u00eamica. Com o benef\u00edcio da retrospectiva posso afirmar que, dentre todos os impactos do programa na minha forma\u00e7\u00e3o, o PET-Economia me ajudou a desenvolver uma consci\u00eancia cr\u00edtica a respeito do mundo em que vivemos.<br>Bolsista entre 2012 e 2016<\/p><\/div><\/div><\/div><\/div><\/blockquote>\n\n\n\n<blockquote class=\"aligncenter wp-block-ugb-blockquote ugb-blockquote ugb-37fe242 ugb-blockquote--v3 ugb-blockquote--design-basic ugb-main-block\" id=\"\"><style>.ugb-37fe242 .ugb-blockquote__item{border-radius:50px !important}.ugb-37fe242 .ugb-blockquote__quote{width:70px !important;height:70px !important}.ugb-37fe242 .ugb-blockquote__text{font-size:14px !important;color:#000000}.ugb-37fe242 .ugb-inner-block{text-align:left}<\/style><div class=\"ugb-inner-block\"><div class=\"ugb-block-content\"><div class=\"ugb-blockquote__item\"><svg viewbox=\"0 0 50 50\" xmlns=\"http:\/\/www.w3.org\/2000\/svg\" class=\"ugb-blockquote__quote\" width=\"70\" height=\"70\"><path d=\"M22.3 30.5c0 6-4.8 10.8-10.8 10.8-2.3 0-4.5-.8-6.3-2-.9-.6-1.8-1.4-2.5-2.4-1.8-2.4-2.7-5.4-2.7-9 0-4.5 1.3-8.5 4-11.9 2.7-3.4 6.4-5.8 11.1-7.3v2.8c-2.7 2.2-4.4 5-4.9 8.3.4-.1.9-.1 1.3-.1 6-.1 10.8 4.8 10.8 10.8zm16.9-10.9c-.5 0-.9 0-1.3.1.5-3.3 2.2-6.1 4.9-8.3V8.7c-4.7 1.4-8.4 3.9-11.1 7.3-2.7 3.4-4 7.4-4 11.9 0 3.6.9 6.6 2.7 9 .8 1 1.6 1.8 2.5 2.4 1.8 1.3 3.9 2 6.3 2 6 0 10.8-4.8 10.8-10.8 0-6-4.8-10.9-10.8-10.9z\"><\/path><\/svg><div class=\"ugb-blockquote__content\"><p class=\"ugb-blockquote__text\">Contribu\u00edram para eu me tornar um ser humano mais completo e, principalmente as atividades de extens\u00e3o foram muito valorizadas nos processos seletivos que participei.<br>Bolsista entre 2010 e 2013<\/p><\/div><\/div><\/div><\/div><\/blockquote>\n\n\n\n<blockquote class=\"aligncenter wp-block-ugb-blockquote ugb-blockquote ugb-09a3524 ugb-blockquote--v3 ugb-blockquote--design-basic ugb-main-block\" id=\"\"><style>.ugb-09a3524 .ugb-blockquote__item{border-radius:50px !important}.ugb-09a3524 .ugb-blockquote__quote{width:70px !important;height:70px !important}.ugb-09a3524 .ugb-blockquote__text{font-size:14px !important;color:#000000}.ugb-09a3524 .ugb-inner-block{text-align:left}<\/style><div class=\"ugb-inner-block\"><div class=\"ugb-block-content\"><div class=\"ugb-blockquote__item\"><svg viewbox=\"0 0 50 50\" xmlns=\"http:\/\/www.w3.org\/2000\/svg\" class=\"ugb-blockquote__quote\" width=\"70\" height=\"70\"><path d=\"M22.3 30.5c0 6-4.8 10.8-10.8 10.8-2.3 0-4.5-.8-6.3-2-.9-.6-1.8-1.4-2.5-2.4-1.8-2.4-2.7-5.4-2.7-9 0-4.5 1.3-8.5 4-11.9 2.7-3.4 6.4-5.8 11.1-7.3v2.8c-2.7 2.2-4.4 5-4.9 8.3.4-.1.9-.1 1.3-.1 6-.1 10.8 4.8 10.8 10.8zm16.9-10.9c-.5 0-.9 0-1.3.1.5-3.3 2.2-6.1 4.9-8.3V8.7c-4.7 1.4-8.4 3.9-11.1 7.3-2.7 3.4-4 7.4-4 11.9 0 3.6.9 6.6 2.7 9 .8 1 1.6 1.8 2.5 2.4 1.8 1.3 3.9 2 6.3 2 6 0 10.8-4.8 10.8-10.8 0-6-4.8-10.9-10.8-10.9z\"><\/path><\/svg><div class=\"ugb-blockquote__content\"><p class=\"ugb-blockquote__text\">\u201cCapacidade de trabalhar em grupo e fazer projetos coletivos acontecerem, coordenando v\u00e1rios atores. Racioc\u00ednio cientifico e capacidade de discutir.\u201d<br>Bolsista entre 2008 e 2011<\/p><\/div><\/div><\/div><\/div><\/blockquote>\n<\/div>\n<\/div>\n\n\n\n<p><\/p>\n","protected":false},"excerpt":{"rendered":"","protected":false},"author":1,"featured_media":0,"parent":0,"menu_order":0,"comment_status":"closed","ping_status":"closed","template":"","meta":{"_uag_custom_page_level_css":"","footnotes":""},"class_list":["post-256","page","type-page","status-publish","hentry"],"uagb_featured_image_src":{"full":false,"thumbnail":false,"medium":false,"medium_large":false,"large":false,"1536x1536":false,"2048x2048":false,"post-thumbnail":false},"uagb_author_info":{"display_name":"danielfbc","author_link":"https:\/\/pet.face.ufmg.br\/economia\/blog\/author\/danielfbc\/"},"uagb_comment_info":0,"uagb_excerpt":null,"_links":{"self":[{"href":"https:\/\/pet.face.ufmg.br\/economia\/wp-json\/wp\/v2\/pages\/256","targetHints":{"allow":["GET"]}}],"collection":[{"href":"https:\/\/pet.face.ufmg.br\/economia\/wp-json\/wp\/v2\/pages"}],"about":[{"href":"https:\/\/pet.face.ufmg.br\/economia\/wp-json\/wp\/v2\/types\/page"}],"author":[{"embeddable":true,"href":"https:\/\/pet.face.ufmg.br\/economia\/wp-json\/wp\/v2\/users\/1"}],"replies":[{"embeddable":true,"href":"https:\/\/pet.face.ufmg.br\/economia\/wp-json\/wp\/v2\/comments?post=256"}],"version-history":[{"count":21,"href":"https:\/\/pet.face.ufmg.br\/economia\/wp-json\/wp\/v2\/pages\/256\/revisions"}],"predecessor-version":[{"id":746,"href":"https:\/\/pet.face.ufmg.br\/economia\/wp-json\/wp\/v2\/pages\/256\/revisions\/746"}],"wp:attachment":[{"href":"https:\/\/pet.face.ufmg.br\/economia\/wp-json\/wp\/v2\/media?parent=256"}],"curies":[{"name":"wp","href":"https:\/\/api.w.org\/{rel}","templated":true}]}}