{"id":32,"date":"2020-07-05T15:08:31","date_gmt":"2020-07-05T18:08:31","guid":{"rendered":"https:\/\/pet.face.ufmg.br\/economia\/?page_id=32"},"modified":"2020-07-24T20:13:27","modified_gmt":"2020-07-24T23:13:27","slug":"quem-somos","status":"publish","type":"page","link":"https:\/\/pet.face.ufmg.br\/economia\/quem-somos\/","title":{"rendered":"Quem Somos"},"content":{"rendered":"\n<p>O Programa de Educa\u00e7\u00e3o&nbsp;Tutorial do Cursos de Ci\u00eancias&nbsp;Econ\u00f4micas&nbsp;teve inicio em 25 de junho de 1959, sendo naquela \u00e9poca&nbsp;denominado de Sistema de Bolsas de Estudo da Faculdade de Ci\u00eancias Econ\u00f4mica. Foi uma iniciativa do Prof. Yvon Leite de Magalh\u00e3es Pinto, \u00e0 \u00e9poca diretor da Faculdade. O Sistema tinha como objetivo apoiar a qualifica\u00e7\u00e3o do corpo discente, contribuindo de forma decisiva para consolidar a excel\u00eancia do ensino e da pesquisa na FACE (PAULA, 2017).<\/p>\n\n\n\n<p>O Sistema de Bolsas inspirou a cria\u00e7\u00e3o do Programa Especial de Treinamento (PET) em 1979, no \u00e2mbito da Coordena\u00e7\u00e3o de Aperfei\u00e7oamento de Pessoal de N\u00edvel Superior (CAPES) com o objetivo a qualifica\u00e7\u00e3o dos bolsistas para o ingresso na p\u00f3s-gradua\u00e7\u00e3o e a forma\u00e7\u00e3o de lideran\u00e7as intelectuais (CASTRO, 2005).<\/p>\n\n\n\n<p>Em 2002 o Programa foi reestabelecido no MEC passando a ter o objetivo de \u201cpromover a forma\u00e7\u00e3o ampla e de qualidade acad\u00eamica dos alunos de gradua\u00e7\u00e3o envolvidos direta ou indiretamente com o programa, estimulando a fixa\u00e7\u00e3o de valores que reforcem a cidadania e a consci\u00eancia social de todos os participantes e a melhoria dos cursos de gradua\u00e7\u00e3o\u201d (MEC, 2002). O PET \u00e9 um programa de longo prazo ancorado no trip\u00e9 pesquisa-ensino-extens\u00e3o que visa melhorar a qualidade da gradua\u00e7\u00e3o nas universidades brasileiras.<\/p>\n\n\n\n<p>Atualmente o Programa de Educa\u00e7\u00e3o\u00a0Tutorial do Cursos de Ci\u00eancias\u00a0Econ\u00f4micas possui 12 bolsistas que desenvolvem suas atividades sobre supervis\u00e3o\u00a0de um Professor Tutor.\u00a0<\/p>\n\n\n\n<p><strong>Fontes<\/strong>:<br>CASTRO, Cl\u00e1udio de M..\u00a0<em><a rel=\"noreferrer noopener\" href=\"http:\/\/www.petma.ufsc.br\/arquivos\/artigo.doc\" target=\"_blank\">O PET visto por seu criador<\/a><\/em>. [S.l.: s.n., 200]. Ensaio. Acesso em mar\u00e7o de 2005.<br>PAULA, J.A.\u00a0<em>Institui\u00e7\u00f5es de Planejamento e de Desenvolvimento de Minas Gerais<\/em>: 55 anos do BDMG, 50 anos do CEDEPLAR. Belo Horizonte: BDMG Cultural, 2017.<\/p>\n","protected":false},"excerpt":{"rendered":"<p>O Programa de Educa\u00e7\u00e3o&nbsp;Tutorial do Cursos de Ci\u00eancias&nbsp;Econ\u00f4micas&nbsp;teve inicio em 25 de junho de 1959, sendo naquela \u00e9poca&nbsp;denominado de Sistema de Bolsas de Estudo da Faculdade de Ci\u00eancias Econ\u00f4mica. Foi uma iniciativa do Prof. Yvon Leite de Magalh\u00e3es Pinto, \u00e0 \u00e9poca diretor da Faculdade. O Sistema tinha como objetivo apoiar a qualifica\u00e7\u00e3o do corpo discente, &hellip; <a href=\"https:\/\/pet.face.ufmg.br\/economia\/quem-somos\/\" class=\"more-link\">Continue reading <span class=\"screen-reader-text\">Quem Somos<\/span><\/a><\/p>\n","protected":false},"author":1,"featured_media":0,"parent":0,"menu_order":0,"comment_status":"closed","ping_status":"closed","template":"","meta":{"_uag_custom_page_level_css":"","footnotes":""},"class_list":["post-32","page","type-page","status-publish","hentry"],"uagb_featured_image_src":{"full":false,"thumbnail":false,"medium":false,"medium_large":false,"large":false,"1536x1536":false,"2048x2048":false,"post-thumbnail":false},"uagb_author_info":{"display_name":"danielfbc","author_link":"https:\/\/pet.face.ufmg.br\/economia\/blog\/author\/danielfbc\/"},"uagb_comment_info":0,"uagb_excerpt":"O Programa de Educa\u00e7\u00e3o&nbsp;Tutorial do Cursos de Ci\u00eancias&nbsp;Econ\u00f4micas&nbsp;teve inicio em 25 de junho de 1959, sendo naquela \u00e9poca&nbsp;denominado de Sistema de Bolsas de Estudo da Faculdade de Ci\u00eancias Econ\u00f4mica. Foi uma iniciativa do Prof. Yvon Leite de Magalh\u00e3es Pinto, \u00e0 \u00e9poca diretor da Faculdade. O Sistema tinha como objetivo apoiar a qualifica\u00e7\u00e3o do corpo discente,&hellip;","_links":{"self":[{"href":"https:\/\/pet.face.ufmg.br\/economia\/wp-json\/wp\/v2\/pages\/32","targetHints":{"allow":["GET"]}}],"collection":[{"href":"https:\/\/pet.face.ufmg.br\/economia\/wp-json\/wp\/v2\/pages"}],"about":[{"href":"https:\/\/pet.face.ufmg.br\/economia\/wp-json\/wp\/v2\/types\/page"}],"author":[{"embeddable":true,"href":"https:\/\/pet.face.ufmg.br\/economia\/wp-json\/wp\/v2\/users\/1"}],"replies":[{"embeddable":true,"href":"https:\/\/pet.face.ufmg.br\/economia\/wp-json\/wp\/v2\/comments?post=32"}],"version-history":[{"count":5,"href":"https:\/\/pet.face.ufmg.br\/economia\/wp-json\/wp\/v2\/pages\/32\/revisions"}],"predecessor-version":[{"id":205,"href":"https:\/\/pet.face.ufmg.br\/economia\/wp-json\/wp\/v2\/pages\/32\/revisions\/205"}],"wp:attachment":[{"href":"https:\/\/pet.face.ufmg.br\/economia\/wp-json\/wp\/v2\/media?parent=32"}],"curies":[{"name":"wp","href":"https:\/\/api.w.org\/{rel}","templated":true}]}}